{"id":16369,"date":"2022-12-14T13:36:50","date_gmt":"2022-12-14T12:36:50","guid":{"rendered":"https:\/\/www.lechdrob.pl\/fr\/?page_id=16369"},"modified":"2022-12-14T13:48:39","modified_gmt":"2022-12-14T12:48:39","slug":"strategia-podatkowa","status":"publish","type":"page","link":"https:\/\/www.lechdrob.pl\/fr\/strategia-podatkowa\/","title":{"rendered":"Strat\u00e9gie fiscale"},"content":{"rendered":"<p>[vc_row equal_height=&#8221;yes&#8221; content_placement=&#8221;middle&#8221; el_class=&#8221;podstronaMargin&#8221;][vc_column width=&#8221;1\/2&#8243;][vc_column_text]<\/p>\n<h3>What is Lorem Ipsum?<\/h3>\n<p>[\/vc_column_text][vc_column_text]<\/p>\n<p style=\"text-align: justify;\">Depuis pr\u00e8s de trois d\u00e9cennies, elle op\u00e8re de mani\u00e8re dynamique dans le domaine de la transformation des mati\u00e8res premi\u00e8res avicoles, s&#8217;occupant principalement de l&#8217;achat, de l&#8217;abattage et de la d\u00e9coupe de poules et de poulets. Depuis la cr\u00e9ation de l&#8217;entreprise en 1995, LECH-DR\u00d3B a son si\u00e8ge social \u00e0 Zalewo (vo\u00efvodie de warmi\u0144sko-mazurskie), o\u00f9 l&#8217;usine op\u00e8re actuellement sur une superficie de 15 000 m2.<\/p>\n<p>[\/vc_column_text][\/vc_column][vc_column width=&#8221;1\/2&#8243;][vc_single_image image=&#8221;16370&#8243; img_size=&#8221;630&#215;420&#8243; alignment=&#8221;right&#8221; css_animation=&#8221;slideInRight&#8221;][\/vc_column][\/vc_row][vc_row equal_height=&#8221;yes&#8221; content_placement=&#8221;middle&#8221; el_class=&#8221;podstronaMargin&#8221;][vc_column width=&#8221;1\/2&#8243;][vc_single_image image=&#8221;16371&#8243; img_size=&#8221;630&#215;420&#8243; css_animation=&#8221;slideInLeft&#8221;][\/vc_column][vc_column width=&#8221;1\/2&#8243;][vc_column_text]<\/p>\n<h3>What is Lorem Ipsum?<\/h3>\n<p>[\/vc_column_text][vc_column_text]<\/p>\n<p style=\"text-align: justify;\">Une r\u00e9ponse flexible \u00e0 l&#8217;\u00e9volution du march\u00e9, des investissements dans les technologies modernes et le souci de la plus haute qualit\u00e9 ont permis \u00e0 LECH-DR\u00d3B de devenir rapidement un producteur important dans l&#8217;industrie. Le r\u00e9sultat de ce d\u00e9veloppement est une expansion dynamique sur les march\u00e9s \u00e9trangers, puisqu&#8217;aujourd&#8217;hui l&#8217;usine de Zalewski exporte ses produits vers pr\u00e8s de 800 destinataires de plus de 130 pays dans le monde. L&#8217;augmentation successive de la capacit\u00e9 et la demande de produits de haute qualit\u00e9 ont fait qu&#8217;actuellement LECH-DR\u00d3B coop\u00e8re avec pr\u00e8s de 1 000 fournisseurs de mati\u00e8res premi\u00e8res et emploie pr\u00e8s de 500 personnes, ce qui en fait l&#8217;un des plus grands employeurs de la r\u00e9gion.<\/p>\n<p>[\/vc_column_text][\/vc_column][\/vc_row]<\/p>\n","protected":false},"excerpt":{"rendered":"<p>[vc_row equal_height=&#8221;yes&#8221; content_placement=&#8221;middle&#8221; el_class=&#8221;podstronaMargin&#8221;][vc_column width=&#8221;1\/2&#8243;][vc_column_text] What is Lorem Ipsum? [\/vc_column_text][vc_column_text] Depuis pr\u00e8s de trois d\u00e9cennies, elle op\u00e8re de mani\u00e8re dynamique dans le domaine de la transformation des mati\u00e8res premi\u00e8res avicoles, [&#8230;]<\/p>\n","protected":false},"author":1,"featured_media":0,"parent":0,"menu_order":0,"comment_status":"closed","ping_status":"closed","template":"","meta":[],"yoast_head":"<!-- This site is optimized with the Yoast SEO plugin v19.11 - https:\/\/yoast.com\/wordpress\/plugins\/seo\/ -->\n<title>Strat\u00e9gie fiscale - Zak\u0142ad Drobiarski LECH DR\u00d3B w Zalewie<\/title>\n<meta name=\"robots\" content=\"index, follow, max-snippet:-1, max-image-preview:large, max-video-preview:-1\" \/>\n<link rel=\"canonical\" href=\"https:\/\/www.lechdrob.pl\/fr\/strategia-podatkowa\/\" \/>\n<meta property=\"og:locale\" content=\"pl_PL\" \/>\n<meta property=\"og:type\" content=\"article\" \/>\n<meta property=\"og:title\" content=\"Strat\u00e9gie fiscale - Zak\u0142ad Drobiarski LECH DR\u00d3B w Zalewie\" \/>\n<meta property=\"og:description\" content=\"[vc_row equal_height=&#8221;yes&#8221; content_placement=&#8221;middle&#8221; el_class=&#8221;podstronaMargin&#8221;][vc_column width=&#8221;1\/2&#8243;][vc_column_text] What is Lorem Ipsum? [\/vc_column_text][vc_column_text] Depuis pr\u00e8s de trois d\u00e9cennies, elle op\u00e8re de mani\u00e8re dynamique dans le domaine de la transformation des mati\u00e8res premi\u00e8res avicoles, [...]\" \/>\n<meta property=\"og:url\" content=\"https:\/\/www.lechdrob.pl\/fr\/strategia-podatkowa\/\" \/>\n<meta property=\"og:site_name\" content=\"Zak\u0142ad Drobiarski LECH DR\u00d3B w Zalewie\" \/>\n<meta property=\"article:modified_time\" content=\"2022-12-14T12:48:39+00:00\" \/>\n<meta name=\"twitter:card\" content=\"summary_large_image\" \/>\n<meta name=\"twitter:label1\" content=\"Szacowany czas czytania\" \/>\n\t<meta name=\"twitter:data1\" content=\"2 minuty\" \/>\n<script type=\"application\/ld+json\" class=\"yoast-schema-graph\">{\"@context\":\"https:\/\/schema.org\",\"@graph\":[{\"@type\":\"WebPage\",\"@id\":\"https:\/\/www.lechdrob.pl\/fr\/strategia-podatkowa\/\",\"url\":\"https:\/\/www.lechdrob.pl\/fr\/strategia-podatkowa\/\",\"name\":\"Strat\u00e9gie fiscale - Zak\u0142ad Drobiarski LECH DR\u00d3B w Zalewie\",\"isPartOf\":{\"@id\":\"https:\/\/www.lechdrob.pl\/fr\/#website\"},\"datePublished\":\"2022-12-14T12:36:50+00:00\",\"dateModified\":\"2022-12-14T12:48:39+00:00\",\"breadcrumb\":{\"@id\":\"https:\/\/www.lechdrob.pl\/fr\/strategia-podatkowa\/#breadcrumb\"},\"inLanguage\":\"pl-PL\",\"potentialAction\":[{\"@type\":\"ReadAction\",\"target\":[\"https:\/\/www.lechdrob.pl\/fr\/strategia-podatkowa\/\"]}]},{\"@type\":\"BreadcrumbList\",\"@id\":\"https:\/\/www.lechdrob.pl\/fr\/strategia-podatkowa\/#breadcrumb\",\"itemListElement\":[{\"@type\":\"ListItem\",\"position\":1,\"name\":\"Strona g\u0142\u00f3wna\",\"item\":\"https:\/\/www.lechdrob.pl\/fr\/\"},{\"@type\":\"ListItem\",\"position\":2,\"name\":\"Strat\u00e9gie fiscale\"}]},{\"@type\":\"WebSite\",\"@id\":\"https:\/\/www.lechdrob.pl\/fr\/#website\",\"url\":\"https:\/\/www.lechdrob.pl\/fr\/\",\"name\":\"Zak\u0142ad Drobiarski LECH DR\u00d3B w Zalewie\",\"description\":\"Strona zak\u0142adu drobiarskiego LECH DR\u00d3B w Zalewie.\",\"publisher\":{\"@id\":\"https:\/\/www.lechdrob.pl\/fr\/#organization\"},\"potentialAction\":[{\"@type\":\"SearchAction\",\"target\":{\"@type\":\"EntryPoint\",\"urlTemplate\":\"https:\/\/www.lechdrob.pl\/fr\/?s={search_term_string}\"},\"query-input\":\"required name=search_term_string\"}],\"inLanguage\":\"pl-PL\"},{\"@type\":\"Organization\",\"@id\":\"https:\/\/www.lechdrob.pl\/fr\/#organization\",\"name\":\"Zak\u0142ad Drobiarski LECH DR\u00d3B w Zalewie\",\"url\":\"https:\/\/www.lechdrob.pl\/fr\/\",\"logo\":{\"@type\":\"ImageObject\",\"inLanguage\":\"pl-PL\",\"@id\":\"https:\/\/www.lechdrob.pl\/fr\/#\/schema\/logo\/image\/\",\"url\":\"\",\"contentUrl\":\"\",\"caption\":\"Zak\u0142ad Drobiarski LECH DR\u00d3B w Zalewie\"},\"image\":{\"@id\":\"https:\/\/www.lechdrob.pl\/fr\/#\/schema\/logo\/image\/\"}}]}<\/script>\n<!-- \/ Yoast SEO plugin. -->","yoast_head_json":{"title":"Strat\u00e9gie fiscale - Zak\u0142ad Drobiarski LECH DR\u00d3B w Zalewie","robots":{"index":"index","follow":"follow","max-snippet":"max-snippet:-1","max-image-preview":"max-image-preview:large","max-video-preview":"max-video-preview:-1"},"canonical":"https:\/\/www.lechdrob.pl\/fr\/strategia-podatkowa\/","og_locale":"pl_PL","og_type":"article","og_title":"Strat\u00e9gie fiscale - Zak\u0142ad Drobiarski LECH DR\u00d3B w Zalewie","og_description":"[vc_row equal_height=&#8221;yes&#8221; content_placement=&#8221;middle&#8221; el_class=&#8221;podstronaMargin&#8221;][vc_column width=&#8221;1\/2&#8243;][vc_column_text] What is Lorem Ipsum? [\/vc_column_text][vc_column_text] Depuis pr\u00e8s de trois d\u00e9cennies, elle op\u00e8re de mani\u00e8re dynamique dans le domaine de la transformation des mati\u00e8res premi\u00e8res avicoles, [...]","og_url":"https:\/\/www.lechdrob.pl\/fr\/strategia-podatkowa\/","og_site_name":"Zak\u0142ad Drobiarski LECH DR\u00d3B w Zalewie","article_modified_time":"2022-12-14T12:48:39+00:00","twitter_card":"summary_large_image","twitter_misc":{"Szacowany czas czytania":"2 minuty"},"schema":{"@context":"https:\/\/schema.org","@graph":[{"@type":"WebPage","@id":"https:\/\/www.lechdrob.pl\/fr\/strategia-podatkowa\/","url":"https:\/\/www.lechdrob.pl\/fr\/strategia-podatkowa\/","name":"Strat\u00e9gie fiscale - Zak\u0142ad Drobiarski LECH DR\u00d3B w Zalewie","isPartOf":{"@id":"https:\/\/www.lechdrob.pl\/fr\/#website"},"datePublished":"2022-12-14T12:36:50+00:00","dateModified":"2022-12-14T12:48:39+00:00","breadcrumb":{"@id":"https:\/\/www.lechdrob.pl\/fr\/strategia-podatkowa\/#breadcrumb"},"inLanguage":"pl-PL","potentialAction":[{"@type":"ReadAction","target":["https:\/\/www.lechdrob.pl\/fr\/strategia-podatkowa\/"]}]},{"@type":"BreadcrumbList","@id":"https:\/\/www.lechdrob.pl\/fr\/strategia-podatkowa\/#breadcrumb","itemListElement":[{"@type":"ListItem","position":1,"name":"Strona g\u0142\u00f3wna","item":"https:\/\/www.lechdrob.pl\/fr\/"},{"@type":"ListItem","position":2,"name":"Strat\u00e9gie fiscale"}]},{"@type":"WebSite","@id":"https:\/\/www.lechdrob.pl\/fr\/#website","url":"https:\/\/www.lechdrob.pl\/fr\/","name":"Zak\u0142ad Drobiarski LECH DR\u00d3B w Zalewie","description":"Strona zak\u0142adu drobiarskiego LECH DR\u00d3B w Zalewie.","publisher":{"@id":"https:\/\/www.lechdrob.pl\/fr\/#organization"},"potentialAction":[{"@type":"SearchAction","target":{"@type":"EntryPoint","urlTemplate":"https:\/\/www.lechdrob.pl\/fr\/?s={search_term_string}"},"query-input":"required name=search_term_string"}],"inLanguage":"pl-PL"},{"@type":"Organization","@id":"https:\/\/www.lechdrob.pl\/fr\/#organization","name":"Zak\u0142ad Drobiarski LECH DR\u00d3B w Zalewie","url":"https:\/\/www.lechdrob.pl\/fr\/","logo":{"@type":"ImageObject","inLanguage":"pl-PL","@id":"https:\/\/www.lechdrob.pl\/fr\/#\/schema\/logo\/image\/","url":"","contentUrl":"","caption":"Zak\u0142ad Drobiarski LECH DR\u00d3B w Zalewie"},"image":{"@id":"https:\/\/www.lechdrob.pl\/fr\/#\/schema\/logo\/image\/"}}]}},"_links":{"self":[{"href":"https:\/\/www.lechdrob.pl\/fr\/wp-json\/wp\/v2\/pages\/16369"}],"collection":[{"href":"https:\/\/www.lechdrob.pl\/fr\/wp-json\/wp\/v2\/pages"}],"about":[{"href":"https:\/\/www.lechdrob.pl\/fr\/wp-json\/wp\/v2\/types\/page"}],"author":[{"embeddable":true,"href":"https:\/\/www.lechdrob.pl\/fr\/wp-json\/wp\/v2\/users\/1"}],"replies":[{"embeddable":true,"href":"https:\/\/www.lechdrob.pl\/fr\/wp-json\/wp\/v2\/comments?post=16369"}],"version-history":[{"count":2,"href":"https:\/\/www.lechdrob.pl\/fr\/wp-json\/wp\/v2\/pages\/16369\/revisions"}],"predecessor-version":[{"id":16381,"href":"https:\/\/www.lechdrob.pl\/fr\/wp-json\/wp\/v2\/pages\/16369\/revisions\/16381"}],"wp:attachment":[{"href":"https:\/\/www.lechdrob.pl\/fr\/wp-json\/wp\/v2\/media?parent=16369"}],"curies":[{"name":"wp","href":"https:\/\/api.w.org\/{rel}","templated":true}]}}