{"id":15747,"date":"2022-11-21T15:07:46","date_gmt":"2022-11-21T14:07:46","guid":{"rendered":"https:\/\/www.lechdrob.pl\/fr\/?page_id=15747"},"modified":"2025-10-08T15:18:31","modified_gmt":"2025-10-08T13:18:31","slug":"surowiec","status":"publish","type":"page","link":"https:\/\/www.lechdrob.pl\/fr\/surowiec\/","title":{"rendered":"Service des achats de mati\u00e8res premi\u00e8res"},"content":{"rendered":"<p>[vc_row equal_height=&#8221;yes&#8221; content_placement=&#8221;middle&#8221; el_class=&#8221;podstronaMargin&#8221;][vc_column width=&#8221;1\/2&#8243;][vc_column_text]<\/p>\n<h3>Strat\u00e9gie d&#8217;actions<\/h3>\n<p>[\/vc_column_text][vc_column_text]<\/p>\n<p style=\"text-align: justify;\">Ax\u00e9 sur la plus haute qualit\u00e9 de produits. La haute qualit\u00e9 des produits sous la marque LECH-DR\u00d3B d\u00e9pend non seulement de nos lignes technologiques sp\u00e9cialis\u00e9es ou d&#8217;un processus de production innovant, mais surtout de la qualit\u00e9 de la mati\u00e8re premi\u00e8re. Pour cette raison, nous attachons une grande importance \u00e0 la s\u00e9lection de partenaires commerciaux fournissant des volailles vivantes, tels que :<\/p>\n<ul>\n<li style=\"text-align: justify;\">poule pondeuse commerciale,<\/li>\n<li style=\"text-align: justify;\">poule reproductrice,<\/li>\n<li style=\"text-align: justify;\">poulet de chair<\/li>\n<\/ul>\n<p>[\/vc_column_text][\/vc_column][vc_column width=&#8221;1\/2&#8243;][vc_single_image image=&#8221;16001&#8243; img_size=&#8221;full&#8221; alignment=&#8221;right&#8221; css_animation=&#8221;slideInRight&#8221;][\/vc_column][\/vc_row][vc_row equal_height=&#8221;yes&#8221; content_placement=&#8221;middle&#8221; el_class=&#8221;podstronaMargin&#8221;][vc_column width=&#8221;1\/2&#8243;][vc_single_image image=&#8221;15773&#8243; img_size=&#8221;full&#8221; css_animation=&#8221;slideInLeft&#8221;][\/vc_column][vc_column width=&#8221;1\/2&#8243;][vc_column_text]<\/p>\n<h3>Collaboration<\/h3>\n<p>[\/vc_column_text][vc_column_text]<\/p>\n<p style=\"text-align: justify;\">Actuellement, nous coop\u00e9rons avec un groupe de plus de 1 000 fermes certifi\u00e9es dans 16 pays, mais nos principaux fournisseurs de mati\u00e8res premi\u00e8res viennent de Pologne. Afin de maintenir la qualit\u00e9 appropri\u00e9e de la production, nous nous assurons que les fermes avicoles avec lesquelles nous coop\u00e9rons sont sous surveillance v\u00e9t\u00e9rinaire constante et que les \u00e9leveurs respectent les normes strictes du syst\u00e8me HACCP. Nous surveillons en permanence les conditions de vie et de vie des volailles \u00e0 la ferme et \u00e9valuons l&#8217;\u00e9tat des animaux avant et pendant le transport.<\/p>\n<p>[\/vc_column_text][\/vc_column][\/vc_row][vc_row equal_height=&#8221;yes&#8221; content_placement=&#8221;middle&#8221; el_class=&#8221;podstronaMargin&#8221;][vc_column width=&#8221;1\/2&#8243;][vc_column_text]<\/p>\n<h3>Flotte de transport<\/h3>\n<p>[\/vc_column_text][vc_column_text]<\/p>\n<p style=\"text-align: justify;\">La flotte de v\u00e9hicules de l&#8217;usine de volailles LECH-DR\u00d3B dispose des autorisations appropri\u00e9es pour le transport de volailles. Notre flotte de transport de mati\u00e8res premi\u00e8res d&amp;apos;abattage g\u00e8re \u00e9galement sa propre flotte de transport sp\u00e9cialis\u00e9e, adapt\u00e9e au transport de volailles. Nous avons les permis appropri\u00e9s \u00e0 cet \u00e9gard. Nos v\u00e9hicules ont les certificats appropri\u00e9s et les chauffeurs ont les licences requises autorisant le transport de volailles. Lors du transport de volailles, nous garantissons des conditions de transport humaines, conform\u00e9ment \u00e0 la r\u00e9glementation en mati\u00e8re de bien-\u00eatre animal. Nous essayons de rendre le transport aussi efficace et court que possible, ainsi qu&#8217;adapt\u00e9 aux conditions m\u00e9t\u00e9orologiques, c&#8217;est pourquoi notre flotte est \u00e9quip\u00e9e, entre autres, dans les syst\u00e8mes de ventilation ou d&#8217;arrosage.<\/p>\n<p>[\/vc_column_text][\/vc_column][vc_column width=&#8221;1\/2&#8243;][vc_single_image image=&#8221;16230&#8243; img_size=&#8221;660&#215;430&#8243; alignment=&#8221;right&#8221; css_animation=&#8221;slideInRight&#8221;][\/vc_column][\/vc_row][vc_row equal_height=&#8221;yes&#8221; content_placement=&#8221;middle&#8221; el_class=&#8221;podstronaMargin&#8221;][vc_column width=&#8221;1\/2&#8243;][vc_single_image image=&#8221;15707&#8243; img_size=&#8221;full&#8221; css_animation=&#8221;slideInLeft&#8221;][\/vc_column][vc_column width=&#8221;1\/2&#8243;][vc_column_text]<\/p>\n<h3>Coop\u00e9ration avec les aviculteurs<\/h3>\n<p>[\/vc_column_text][vc_column_text]<\/p>\n<p style=\"text-align: justify;\">La base pour \u00e9tablir une coop\u00e9ration est une r\u00e9union d&#8217;affaires et un contact direct avec un fournisseur potentiel de mati\u00e8res premi\u00e8res, au cours desquels les besoins, les attentes et les opportunit\u00e9s mutuels sont discut\u00e9s. Nous abordons chaque \u00e9leveur individuellement et restons flexibles en termes de n\u00e9gociations. Nous nous soucions toujours d&#8217;\u00e9tablir de v\u00e9ritables conditions de coop\u00e9ration et d&#8217;obtenir une satisfaction commerciale mutuelle.<\/p>\n<p>[\/vc_column_text][\/vc_column][\/vc_row][vc_row equal_height=&#8221;yes&#8221; content_placement=&#8221;middle&#8221; el_class=&#8221;podstronaMargin&#8221;][vc_column width=&#8221;1\/2&#8243;][vc_column_text]<\/p>\n<h3>Priorit\u00e9 du d\u00e9partement<\/h3>\n<p>[\/vc_column_text][vc_column_text]<\/p>\n<p style=\"text-align: justify;\">La priorit\u00e9 du service des contrats de mati\u00e8res premi\u00e8res est d&#8217;\u00e9tablir une coop\u00e9ration \u00e0 long terme, qui se traduit par des transactions d&#8217;achat et de vente cycliques, mais nous sommes \u00e9galement ouverts \u00e0 des contrats commerciaux ponctuels. Ind\u00e9pendamment de tout, en coop\u00e9ration, nous valorisons avant tout la fiabilit\u00e9, la ponctualit\u00e9 et la simple honn\u00eatet\u00e9 humaine. Si vous \u00eates int\u00e9ress\u00e9 par une coop\u00e9ration avec LECH-DR\u00d3B, veuillez nous contacter.<\/p>\n<p>[\/vc_column_text][vc_column_text]<\/p>\n<p>&nbsp;<\/p>\n<p style=\"text-align: center;\"><a class=\"btnKontakt\" href=\"https:\/\/www.lechdrob.pl\/fr\/kontakt\/\">Contactez<\/a><\/p>\n<p>[\/vc_column_text][\/vc_column][vc_column width=&#8221;1\/2&#8243;][vc_single_image image=&#8221;15777&#8243; img_size=&#8221;full&#8221; alignment=&#8221;right&#8221; css_animation=&#8221;slideInRight&#8221;][\/vc_column][\/vc_row][vc_row equal_height=&#8221;yes&#8221; content_placement=&#8221;middle&#8221; el_class=&#8221;podstronaMargin&#8221;][vc_column width=&#8221;1\/2&#8243;][vc_single_image image=&#8221;16228&#8243; img_size=&#8221;full&#8221; css_animation=&#8221;slideInLeft&#8221;][\/vc_column][vc_column width=&#8221;1\/2&#8243;][vc_column_text]<\/p>\n<h3>Diversification g\u00e9ographique<\/h3>\n<p>[\/vc_column_text][vc_column_text]<\/p>\n<p style=\"text-align: justify;\">La Direction des Mati\u00e8res Premi\u00e8res poursuit une politique de diversification des sources d&#8217;approvisionnement en mati\u00e8res premi\u00e8res d&#8217;abattage de volailles afin de maintenir le flux de production, r\u00e9pondre \u00e0 la demande actuelle du march\u00e9 et garantir la stabilit\u00e9 des prix et les d\u00e9lais de livraison aux clients. Dans le cadre de la strat\u00e9gie contractuelle optimis\u00e9e, nous nous chargeons de signer les contrats futurs en Pologne ainsi que dans les \u00c9tats membres de l&#8217;Union europ\u00e9enne.<\/p>\n<p>[\/vc_column_text][\/vc_column][\/vc_row][vc_row el_class=&#8221;dzialKontakt&#8221;][vc_column width=&#8221;2\/12&#8243;][vc_column_text]<\/p>\n<p><span style=\"font-size: 18pt; color: #004785;\">Service des achats de mati\u00e8res premi\u00e8res<\/span><\/p>\n<p>[\/vc_column_text][\/vc_column][vc_column width=&#8221;5\/12&#8243;][vc_row_inner][vc_column_inner width=&#8221;1\/4&#8243;][vc_single_image image=&#8221;16397&#8243;][\/vc_column_inner][vc_column_inner width=&#8221;3\/4&#8243;][vc_column_text]<\/p>\n<p><span style=\"font-size: 14pt; color: #004785;\">Agnieszka Laskowska<\/span><\/p>\n<p>Directeur des mati\u00e8res premi\u00e8res<\/p>\n<p>&nbsp;<\/p>\n<p>n\u00ba +48 515 118 288<\/p>\n<p><a href=\"mailto:agnieszkalyziak@lechdrob.pl\">agnieszkalyziak@lechdrob.pl<\/a><\/p>\n<p>[\/vc_column_text][\/vc_column_inner][\/vc_row_inner][\/vc_column][vc_column width=&#8221;5\/12&#8243;][vc_row_inner][vc_column_inner width=&#8221;1\/4&#8243;][vc_single_image image=&#8221;16398&#8243;][\/vc_column_inner][vc_column_inner width=&#8221;3\/4&#8243;][vc_column_text]<\/p>\n<p><span style=\"font-size: 14pt; color: #004785;\">Tomasz Witkowski<\/span><\/p>\n<p>Chef de la logistique du d\u00e9partement des contrats<\/p>\n<p>&nbsp;<\/p>\n<p>n\u00ba +48 515 118 334<\/p>\n<p><a href=\"mailto:tomaszwitkowski@lechdrob.pl\">tomaszwitkowski@lechdrob.pl<\/a><\/p>\n<p>[\/vc_column_text][\/vc_column_inner][\/vc_row_inner][\/vc_column][\/vc_row][vc_row el_class=&#8221;dzialKontakt&#8221;][vc_column width=&#8221;2\/12&#8243;][\/vc_column][vc_column width=&#8221;5\/12&#8243;][vc_row_inner][vc_column_inner width=&#8221;1\/4&#8243;][vc_single_image image=&#8221;16399&#8243;][\/vc_column_inner][vc_column_inner width=&#8221;3\/4&#8243;][vc_column_text]<\/p>\n<p><span style=\"font-size: 14pt; color: #004785;\">Jaros\u0142aw Gola\u0144ski<\/span><\/p>\n<p>Chef des mati\u00e8res premi\u00e8res<\/p>\n<p>&nbsp;<\/p>\n<p>n\u00ba +48 515 118 296<\/p>\n<p><a href=\"mailto:jaroslawgolanski@lechdrob.pl\">jaroslawgolanski@lechdrob.pl<\/a><\/p>\n<p>[\/vc_column_text][\/vc_column_inner][\/vc_row_inner][\/vc_column][vc_column width=&#8221;5\/12&#8243;][vc_row_inner][vc_column_inner width=&#8221;1\/4&#8243;][vc_single_image image=&#8221;16400&#8243;][\/vc_column_inner][vc_column_inner width=&#8221;3\/4&#8243;][vc_column_text]<\/p>\n<p><span style=\"font-size: 14pt; color: #004785;\">Danuta Szyma\u0144ska<\/span><\/p>\n<p>Sp\u00e9cialiste des achats<\/p>\n<p>&nbsp;<\/p>\n<p>n\u00ba +48 515 118 321<\/p>\n<p><a href=\"mailto:danutaszymanska@lechdrob.pl\">danutaszymanska@lechdrob.pl<\/a><\/p>\n<p>[\/vc_column_text][\/vc_column_inner][\/vc_row_inner][\/vc_column][\/vc_row][vc_row el_class=&#8221;dzialKontakt&#8221;][vc_column width=&#8221;2\/12&#8243;][\/vc_column][vc_column width=&#8221;5\/12&#8243;][vc_row_inner][vc_column_inner width=&#8221;1\/4&#8243;][vc_single_image image=&#8221;16402&#8243;][\/vc_column_inner][vc_column_inner width=&#8221;3\/4&#8243;][vc_column_text]<\/p>\n<p><span style=\"font-size: 14pt; color: #004785;\">Katarzyna Grochowska<\/span><\/p>\n<p>Sp\u00e9cialiste des achats et des ventes<\/p>\n<p>&nbsp;<\/p>\n<p>n\u00ba +48 515 118 302<\/p>\n<p><a href=\"mailto:katarzynadomozych@lechdrob.pl\">katarzynadomozych@lechdrob.pl<\/a><\/p>\n<p>[\/vc_column_text][\/vc_column_inner][\/vc_row_inner][\/vc_column][vc_column width=&#8221;5\/12&#8243;][vc_row_inner][vc_column_inner width=&#8221;1\/4&#8243;][vc_single_image image=&#8221;16403&#8243;][\/vc_column_inner][vc_column_inner width=&#8221;3\/4&#8243;][vc_column_text]<\/p>\n<p><span style=\"font-size: 14pt; color: #004785;\">Marek Czerwi\u0144ki<\/span><\/p>\n<p>Sp\u00e9cialiste des achats<\/p>\n<p>&nbsp;<\/p>\n<p>n\u00ba +48 515 118 301<\/p>\n<p><a href=\"mailto:marekczerwinski@lechdrob.pl\">marekczerwinski@lechdrob.pl<\/a><\/p>\n<p>[\/vc_column_text][\/vc_column_inner][\/vc_row_inner][\/vc_column][\/vc_row][vc_row el_class=&#8221;dzialKontakt&#8221;][vc_column width=&#8221;2\/12&#8243;][\/vc_column][vc_column width=&#8221;5\/12&#8243;][vc_row_inner][vc_column_inner width=&#8221;1\/4&#8243;][vc_single_image image=&#8221;16404&#8243;][\/vc_column_inner][vc_column_inner width=&#8221;3\/4&#8243;][vc_column_text]<\/p>\n<p><span style=\"font-size: 14pt; color: #004785;\">Milena Falkowska-Hojan<\/span><\/p>\n<p>Sp\u00e9cialiste des achats<\/p>\n<p>&nbsp;<\/p>\n<p>n\u00ba +48 515 118 287<\/p>\n<p><a href=\"mailto:milenafalkowska@lechdrob.pl\">milenafalkowska@lechdrob.pl<\/a><\/p>\n<p>[\/vc_column_text][\/vc_column_inner][\/vc_row_inner][\/vc_column][vc_column width=&#8221;5\/12&#8243;][vc_row_inner][vc_column_inner width=&#8221;1\/4&#8243;][\/vc_column_inner][vc_column_inner width=&#8221;3\/4&#8243;][\/vc_column_inner][\/vc_row_inner][\/vc_column][\/vc_row]<\/p>\n","protected":false},"excerpt":{"rendered":"<p>[vc_row equal_height=&#8221;yes&#8221; content_placement=&#8221;middle&#8221; el_class=&#8221;podstronaMargin&#8221;][vc_column width=&#8221;1\/2&#8243;][vc_column_text] Strat\u00e9gie d&#8217;actions [\/vc_column_text][vc_column_text] Ax\u00e9 sur la plus haute qualit\u00e9 de produits. La haute qualit\u00e9 des produits sous la marque LECH-DR\u00d3B d\u00e9pend non seulement de nos [&#8230;]<\/p>\n","protected":false},"author":1,"featured_media":0,"parent":0,"menu_order":0,"comment_status":"closed","ping_status":"closed","template":"","meta":[],"yoast_head":"<!-- This site is optimized with the Yoast SEO plugin v19.11 - https:\/\/yoast.com\/wordpress\/plugins\/seo\/ -->\n<title>Service des achats de mati\u00e8res premi\u00e8res - Zak\u0142ad Drobiarski LECH DR\u00d3B w Zalewie<\/title>\n<meta name=\"robots\" content=\"index, follow, max-snippet:-1, max-image-preview:large, max-video-preview:-1\" \/>\n<link rel=\"canonical\" href=\"https:\/\/www.lechdrob.pl\/fr\/surowiec\/\" \/>\n<meta property=\"og:locale\" content=\"pl_PL\" \/>\n<meta property=\"og:type\" content=\"article\" \/>\n<meta property=\"og:title\" content=\"Service des achats de mati\u00e8res premi\u00e8res - Zak\u0142ad Drobiarski LECH DR\u00d3B w Zalewie\" \/>\n<meta property=\"og:description\" content=\"[vc_row equal_height=&#8221;yes&#8221; content_placement=&#8221;middle&#8221; el_class=&#8221;podstronaMargin&#8221;][vc_column width=&#8221;1\/2&#8243;][vc_column_text] Strat\u00e9gie d&#8217;actions [\/vc_column_text][vc_column_text] Ax\u00e9 sur la plus haute qualit\u00e9 de produits. La haute qualit\u00e9 des produits sous la marque LECH-DR\u00d3B d\u00e9pend non seulement de nos [...]\" \/>\n<meta property=\"og:url\" content=\"https:\/\/www.lechdrob.pl\/fr\/surowiec\/\" \/>\n<meta property=\"og:site_name\" content=\"Zak\u0142ad Drobiarski LECH DR\u00d3B w Zalewie\" \/>\n<meta property=\"article:modified_time\" content=\"2025-10-08T13:18:31+00:00\" \/>\n<meta name=\"twitter:card\" content=\"summary_large_image\" \/>\n<meta name=\"twitter:label1\" content=\"Szacowany czas czytania\" \/>\n\t<meta name=\"twitter:data1\" content=\"5 minut\" \/>\n<script type=\"application\/ld+json\" class=\"yoast-schema-graph\">{\"@context\":\"https:\/\/schema.org\",\"@graph\":[{\"@type\":\"WebPage\",\"@id\":\"https:\/\/www.lechdrob.pl\/fr\/surowiec\/\",\"url\":\"https:\/\/www.lechdrob.pl\/fr\/surowiec\/\",\"name\":\"Service des achats de mati\u00e8res premi\u00e8res - Zak\u0142ad Drobiarski LECH DR\u00d3B w Zalewie\",\"isPartOf\":{\"@id\":\"https:\/\/www.lechdrob.pl\/fr\/#website\"},\"datePublished\":\"2022-11-21T14:07:46+00:00\",\"dateModified\":\"2025-10-08T13:18:31+00:00\",\"breadcrumb\":{\"@id\":\"https:\/\/www.lechdrob.pl\/fr\/surowiec\/#breadcrumb\"},\"inLanguage\":\"pl-PL\",\"potentialAction\":[{\"@type\":\"ReadAction\",\"target\":[\"https:\/\/www.lechdrob.pl\/fr\/surowiec\/\"]}]},{\"@type\":\"BreadcrumbList\",\"@id\":\"https:\/\/www.lechdrob.pl\/fr\/surowiec\/#breadcrumb\",\"itemListElement\":[{\"@type\":\"ListItem\",\"position\":1,\"name\":\"Strona g\u0142\u00f3wna\",\"item\":\"https:\/\/www.lechdrob.pl\/fr\/\"},{\"@type\":\"ListItem\",\"position\":2,\"name\":\"Service des achats de mati\u00e8res premi\u00e8res\"}]},{\"@type\":\"WebSite\",\"@id\":\"https:\/\/www.lechdrob.pl\/fr\/#website\",\"url\":\"https:\/\/www.lechdrob.pl\/fr\/\",\"name\":\"Zak\u0142ad Drobiarski LECH DR\u00d3B w Zalewie\",\"description\":\"Strona zak\u0142adu drobiarskiego LECH DR\u00d3B w Zalewie.\",\"publisher\":{\"@id\":\"https:\/\/www.lechdrob.pl\/fr\/#organization\"},\"potentialAction\":[{\"@type\":\"SearchAction\",\"target\":{\"@type\":\"EntryPoint\",\"urlTemplate\":\"https:\/\/www.lechdrob.pl\/fr\/?s={search_term_string}\"},\"query-input\":\"required name=search_term_string\"}],\"inLanguage\":\"pl-PL\"},{\"@type\":\"Organization\",\"@id\":\"https:\/\/www.lechdrob.pl\/fr\/#organization\",\"name\":\"Zak\u0142ad Drobiarski LECH DR\u00d3B w Zalewie\",\"url\":\"https:\/\/www.lechdrob.pl\/fr\/\",\"logo\":{\"@type\":\"ImageObject\",\"inLanguage\":\"pl-PL\",\"@id\":\"https:\/\/www.lechdrob.pl\/fr\/#\/schema\/logo\/image\/\",\"url\":\"\",\"contentUrl\":\"\",\"caption\":\"Zak\u0142ad Drobiarski LECH DR\u00d3B w Zalewie\"},\"image\":{\"@id\":\"https:\/\/www.lechdrob.pl\/fr\/#\/schema\/logo\/image\/\"}}]}<\/script>\n<!-- \/ Yoast SEO plugin. -->","yoast_head_json":{"title":"Service des achats de mati\u00e8res premi\u00e8res - Zak\u0142ad Drobiarski LECH DR\u00d3B w Zalewie","robots":{"index":"index","follow":"follow","max-snippet":"max-snippet:-1","max-image-preview":"max-image-preview:large","max-video-preview":"max-video-preview:-1"},"canonical":"https:\/\/www.lechdrob.pl\/fr\/surowiec\/","og_locale":"pl_PL","og_type":"article","og_title":"Service des achats de mati\u00e8res premi\u00e8res - Zak\u0142ad Drobiarski LECH DR\u00d3B w Zalewie","og_description":"[vc_row equal_height=&#8221;yes&#8221; content_placement=&#8221;middle&#8221; el_class=&#8221;podstronaMargin&#8221;][vc_column width=&#8221;1\/2&#8243;][vc_column_text] Strat\u00e9gie d&#8217;actions [\/vc_column_text][vc_column_text] Ax\u00e9 sur la plus haute qualit\u00e9 de produits. La haute qualit\u00e9 des produits sous la marque LECH-DR\u00d3B d\u00e9pend non seulement de nos [...]","og_url":"https:\/\/www.lechdrob.pl\/fr\/surowiec\/","og_site_name":"Zak\u0142ad Drobiarski LECH DR\u00d3B w Zalewie","article_modified_time":"2025-10-08T13:18:31+00:00","twitter_card":"summary_large_image","twitter_misc":{"Szacowany czas czytania":"5 minut"},"schema":{"@context":"https:\/\/schema.org","@graph":[{"@type":"WebPage","@id":"https:\/\/www.lechdrob.pl\/fr\/surowiec\/","url":"https:\/\/www.lechdrob.pl\/fr\/surowiec\/","name":"Service des achats de mati\u00e8res premi\u00e8res - Zak\u0142ad Drobiarski LECH DR\u00d3B w Zalewie","isPartOf":{"@id":"https:\/\/www.lechdrob.pl\/fr\/#website"},"datePublished":"2022-11-21T14:07:46+00:00","dateModified":"2025-10-08T13:18:31+00:00","breadcrumb":{"@id":"https:\/\/www.lechdrob.pl\/fr\/surowiec\/#breadcrumb"},"inLanguage":"pl-PL","potentialAction":[{"@type":"ReadAction","target":["https:\/\/www.lechdrob.pl\/fr\/surowiec\/"]}]},{"@type":"BreadcrumbList","@id":"https:\/\/www.lechdrob.pl\/fr\/surowiec\/#breadcrumb","itemListElement":[{"@type":"ListItem","position":1,"name":"Strona g\u0142\u00f3wna","item":"https:\/\/www.lechdrob.pl\/fr\/"},{"@type":"ListItem","position":2,"name":"Service des achats de mati\u00e8res premi\u00e8res"}]},{"@type":"WebSite","@id":"https:\/\/www.lechdrob.pl\/fr\/#website","url":"https:\/\/www.lechdrob.pl\/fr\/","name":"Zak\u0142ad Drobiarski LECH DR\u00d3B w Zalewie","description":"Strona zak\u0142adu drobiarskiego LECH DR\u00d3B w Zalewie.","publisher":{"@id":"https:\/\/www.lechdrob.pl\/fr\/#organization"},"potentialAction":[{"@type":"SearchAction","target":{"@type":"EntryPoint","urlTemplate":"https:\/\/www.lechdrob.pl\/fr\/?s={search_term_string}"},"query-input":"required name=search_term_string"}],"inLanguage":"pl-PL"},{"@type":"Organization","@id":"https:\/\/www.lechdrob.pl\/fr\/#organization","name":"Zak\u0142ad Drobiarski LECH DR\u00d3B w Zalewie","url":"https:\/\/www.lechdrob.pl\/fr\/","logo":{"@type":"ImageObject","inLanguage":"pl-PL","@id":"https:\/\/www.lechdrob.pl\/fr\/#\/schema\/logo\/image\/","url":"","contentUrl":"","caption":"Zak\u0142ad Drobiarski LECH DR\u00d3B w Zalewie"},"image":{"@id":"https:\/\/www.lechdrob.pl\/fr\/#\/schema\/logo\/image\/"}}]}},"_links":{"self":[{"href":"https:\/\/www.lechdrob.pl\/fr\/wp-json\/wp\/v2\/pages\/15747"}],"collection":[{"href":"https:\/\/www.lechdrob.pl\/fr\/wp-json\/wp\/v2\/pages"}],"about":[{"href":"https:\/\/www.lechdrob.pl\/fr\/wp-json\/wp\/v2\/types\/page"}],"author":[{"embeddable":true,"href":"https:\/\/www.lechdrob.pl\/fr\/wp-json\/wp\/v2\/users\/1"}],"replies":[{"embeddable":true,"href":"https:\/\/www.lechdrob.pl\/fr\/wp-json\/wp\/v2\/comments?post=15747"}],"version-history":[{"count":44,"href":"https:\/\/www.lechdrob.pl\/fr\/wp-json\/wp\/v2\/pages\/15747\/revisions"}],"predecessor-version":[{"id":16470,"href":"https:\/\/www.lechdrob.pl\/fr\/wp-json\/wp\/v2\/pages\/15747\/revisions\/16470"}],"wp:attachment":[{"href":"https:\/\/www.lechdrob.pl\/fr\/wp-json\/wp\/v2\/media?parent=15747"}],"curies":[{"name":"wp","href":"https:\/\/api.w.org\/{rel}","templated":true}]}}