{"id":1160,"date":"2017-07-17T09:43:35","date_gmt":"2017-07-17T07:43:35","guid":{"rendered":"http:\/\/www.gran-mar.com.pl\/?page_id=1160"},"modified":"2023-12-28T09:30:00","modified_gmt":"2023-12-28T08:30:00","slug":"polityka-cookies","status":"publish","type":"page","link":"https:\/\/www.lechdrob.pl\/fr\/polityka-cookies\/","title":{"rendered":"Politique des cookies"},"content":{"rendered":"<p>[vc_row][vc_column width=&#8221;1\/4&#8243;][\/vc_column][vc_column width=&#8221;1\/2&#8243;][vc_column_text]<\/p>\n<h3>Niniejsza strona internetowa korzysta z plik\u00f3w cookie<\/h3>\n<p>Maj\u0105 Pa\u0144stwo mo\u017cliwo\u015b\u0107 samodzielnej zmiany ustawie\u0144 dotycz\u0105cych cookies w swojej przegl\u0105darce internetowej. Je\u015bli nie wyra\u017caj\u0105 Pa\u0144stwo zgody, prosimy o zmian\u0119 ustawie\u0144 w przegl\u0105darce lub opuszczenie serwisu.<\/p>\n<p>Dalsze korzystanie z serwisu bez zmiany ustawie\u0144 dotycz\u0105cych cookies w przegl\u0105darce oznacza akceptacj\u0119 plik\u00f3w cookies, co b\u0119dzie skutkowa\u0142o zapisywaniem ich na Pa\u0144stwa urz\u0105dzeniach przez nasz\u0105 stron\u0119 internetow\u0105.<\/p>\n<p>Informacji odczytanych za pomoc\u0105 cookies i podobnych technologii u\u017cywamy w celach reklamowych, statystycznych oraz w celu dostosowania serwisu do indywidualnych potrzeb u\u017cytkownik\u00f3w, w tym profilowania. Wykorzystanie ich pozwala nam zapewni\u0107 Pa\u0144stwu maksymaln\u0105 wygod\u0119 przy korzystaniu z naszych serwis\u00f3w poprzez zapami\u0119tanie Waszych preferencji i ustawie\u0144 na naszych stronach. Wi\u0119cej informacji o polityce przetwarzania danych znajd\u0105 Pa\u0144stwo w polityce prywatno\u015bci.<\/p>\n<p>Akceptacja ustawie\u0144 przegl\u0105darki oznacza zgod\u0119 na mo\u017cliwo\u015b\u0107 tworzenia profilu U\u017cytkownika opartego na informacji dotycz\u0105cej \u015bwiadczonych us\u0142ug, zainteresowania ofert\u0105 lub informacjami zawartymi w plikach cookies. Maj\u0105 Pa\u0144stwo prawo do cofni\u0119cia wyra\u017conej zgody w dowolnym momencie. Wycofanie zgody nie ma wp\u0142ywu na zgodno\u015b\u0107 z prawem przetwarzania Pa\u0144stwa danych, kt\u00f3rego dokonano na podstawie udzielonej wcze\u015bniej zgody.<\/p>\n<p>[\/vc_column_text][\/vc_column][vc_column width=&#8221;1\/4&#8243;][\/vc_column][\/vc_row]<\/p>\n","protected":false},"excerpt":{"rendered":"<p>[vc_row][vc_column width=&#8221;1\/4&#8243;][\/vc_column][vc_column width=&#8221;1\/2&#8243;][vc_column_text] Niniejsza strona internetowa korzysta z plik\u00f3w cookie Maj\u0105 Pa\u0144stwo mo\u017cliwo\u015b\u0107 samodzielnej zmiany ustawie\u0144 dotycz\u0105cych cookies w swojej przegl\u0105darce internetowej. Je\u015bli nie wyra\u017caj\u0105 Pa\u0144stwo zgody, prosimy o zmian\u0119 [&#8230;]<\/p>\n","protected":false},"author":1,"featured_media":0,"parent":0,"menu_order":0,"comment_status":"closed","ping_status":"closed","template":"","meta":[],"yoast_head":"<!-- This site is optimized with the Yoast SEO plugin v19.11 - https:\/\/yoast.com\/wordpress\/plugins\/seo\/ -->\n<title>Politique des cookies - Zak\u0142ad Drobiarski LECH DR\u00d3B w Zalewie<\/title>\n<meta name=\"robots\" content=\"index, follow, max-snippet:-1, max-image-preview:large, max-video-preview:-1\" \/>\n<link rel=\"canonical\" href=\"https:\/\/www.lechdrob.pl\/fr\/polityka-cookies\/\" \/>\n<meta property=\"og:locale\" content=\"pl_PL\" \/>\n<meta property=\"og:type\" content=\"article\" \/>\n<meta property=\"og:title\" content=\"Politique des cookies - Zak\u0142ad Drobiarski LECH DR\u00d3B w Zalewie\" \/>\n<meta property=\"og:description\" content=\"[vc_row][vc_column width=&#8221;1\/4&#8243;][\/vc_column][vc_column width=&#8221;1\/2&#8243;][vc_column_text] Niniejsza strona internetowa korzysta z plik\u00f3w cookie Maj\u0105 Pa\u0144stwo mo\u017cliwo\u015b\u0107 samodzielnej zmiany ustawie\u0144 dotycz\u0105cych cookies w swojej przegl\u0105darce internetowej. Je\u015bli nie wyra\u017caj\u0105 Pa\u0144stwo zgody, prosimy o zmian\u0119 [...]\" \/>\n<meta property=\"og:url\" content=\"https:\/\/www.lechdrob.pl\/fr\/polityka-cookies\/\" \/>\n<meta property=\"og:site_name\" content=\"Zak\u0142ad Drobiarski LECH DR\u00d3B w Zalewie\" \/>\n<meta property=\"article:modified_time\" content=\"2023-12-28T08:30:00+00:00\" \/>\n<meta name=\"twitter:card\" content=\"summary_large_image\" \/>\n<meta name=\"twitter:label1\" content=\"Szacowany czas czytania\" \/>\n\t<meta name=\"twitter:data1\" content=\"2 minuty\" \/>\n<script type=\"application\/ld+json\" class=\"yoast-schema-graph\">{\"@context\":\"https:\/\/schema.org\",\"@graph\":[{\"@type\":\"WebPage\",\"@id\":\"https:\/\/www.lechdrob.pl\/fr\/polityka-cookies\/\",\"url\":\"https:\/\/www.lechdrob.pl\/fr\/polityka-cookies\/\",\"name\":\"Politique des cookies - Zak\u0142ad Drobiarski LECH DR\u00d3B w Zalewie\",\"isPartOf\":{\"@id\":\"https:\/\/www.lechdrob.pl\/fr\/#website\"},\"datePublished\":\"2017-07-17T07:43:35+00:00\",\"dateModified\":\"2023-12-28T08:30:00+00:00\",\"breadcrumb\":{\"@id\":\"https:\/\/www.lechdrob.pl\/fr\/polityka-cookies\/#breadcrumb\"},\"inLanguage\":\"pl-PL\",\"potentialAction\":[{\"@type\":\"ReadAction\",\"target\":[\"https:\/\/www.lechdrob.pl\/fr\/polityka-cookies\/\"]}]},{\"@type\":\"BreadcrumbList\",\"@id\":\"https:\/\/www.lechdrob.pl\/fr\/polityka-cookies\/#breadcrumb\",\"itemListElement\":[{\"@type\":\"ListItem\",\"position\":1,\"name\":\"Strona g\u0142\u00f3wna\",\"item\":\"https:\/\/www.lechdrob.pl\/fr\/\"},{\"@type\":\"ListItem\",\"position\":2,\"name\":\"Politique des cookies\"}]},{\"@type\":\"WebSite\",\"@id\":\"https:\/\/www.lechdrob.pl\/fr\/#website\",\"url\":\"https:\/\/www.lechdrob.pl\/fr\/\",\"name\":\"Zak\u0142ad Drobiarski LECH DR\u00d3B w Zalewie\",\"description\":\"Strona zak\u0142adu drobiarskiego LECH DR\u00d3B w Zalewie.\",\"publisher\":{\"@id\":\"https:\/\/www.lechdrob.pl\/fr\/#organization\"},\"potentialAction\":[{\"@type\":\"SearchAction\",\"target\":{\"@type\":\"EntryPoint\",\"urlTemplate\":\"https:\/\/www.lechdrob.pl\/fr\/?s={search_term_string}\"},\"query-input\":\"required name=search_term_string\"}],\"inLanguage\":\"pl-PL\"},{\"@type\":\"Organization\",\"@id\":\"https:\/\/www.lechdrob.pl\/fr\/#organization\",\"name\":\"Zak\u0142ad Drobiarski LECH DR\u00d3B w Zalewie\",\"url\":\"https:\/\/www.lechdrob.pl\/fr\/\",\"logo\":{\"@type\":\"ImageObject\",\"inLanguage\":\"pl-PL\",\"@id\":\"https:\/\/www.lechdrob.pl\/fr\/#\/schema\/logo\/image\/\",\"url\":\"\",\"contentUrl\":\"\",\"caption\":\"Zak\u0142ad Drobiarski LECH DR\u00d3B w Zalewie\"},\"image\":{\"@id\":\"https:\/\/www.lechdrob.pl\/fr\/#\/schema\/logo\/image\/\"}}]}<\/script>\n<!-- \/ Yoast SEO plugin. -->","yoast_head_json":{"title":"Politique des cookies - Zak\u0142ad Drobiarski LECH DR\u00d3B w Zalewie","robots":{"index":"index","follow":"follow","max-snippet":"max-snippet:-1","max-image-preview":"max-image-preview:large","max-video-preview":"max-video-preview:-1"},"canonical":"https:\/\/www.lechdrob.pl\/fr\/polityka-cookies\/","og_locale":"pl_PL","og_type":"article","og_title":"Politique des cookies - Zak\u0142ad Drobiarski LECH DR\u00d3B w Zalewie","og_description":"[vc_row][vc_column width=&#8221;1\/4&#8243;][\/vc_column][vc_column width=&#8221;1\/2&#8243;][vc_column_text] Niniejsza strona internetowa korzysta z plik\u00f3w cookie Maj\u0105 Pa\u0144stwo mo\u017cliwo\u015b\u0107 samodzielnej zmiany ustawie\u0144 dotycz\u0105cych cookies w swojej przegl\u0105darce internetowej. Je\u015bli nie wyra\u017caj\u0105 Pa\u0144stwo zgody, prosimy o zmian\u0119 [...]","og_url":"https:\/\/www.lechdrob.pl\/fr\/polityka-cookies\/","og_site_name":"Zak\u0142ad Drobiarski LECH DR\u00d3B w Zalewie","article_modified_time":"2023-12-28T08:30:00+00:00","twitter_card":"summary_large_image","twitter_misc":{"Szacowany czas czytania":"2 minuty"},"schema":{"@context":"https:\/\/schema.org","@graph":[{"@type":"WebPage","@id":"https:\/\/www.lechdrob.pl\/fr\/polityka-cookies\/","url":"https:\/\/www.lechdrob.pl\/fr\/polityka-cookies\/","name":"Politique des cookies - Zak\u0142ad Drobiarski LECH DR\u00d3B w Zalewie","isPartOf":{"@id":"https:\/\/www.lechdrob.pl\/fr\/#website"},"datePublished":"2017-07-17T07:43:35+00:00","dateModified":"2023-12-28T08:30:00+00:00","breadcrumb":{"@id":"https:\/\/www.lechdrob.pl\/fr\/polityka-cookies\/#breadcrumb"},"inLanguage":"pl-PL","potentialAction":[{"@type":"ReadAction","target":["https:\/\/www.lechdrob.pl\/fr\/polityka-cookies\/"]}]},{"@type":"BreadcrumbList","@id":"https:\/\/www.lechdrob.pl\/fr\/polityka-cookies\/#breadcrumb","itemListElement":[{"@type":"ListItem","position":1,"name":"Strona g\u0142\u00f3wna","item":"https:\/\/www.lechdrob.pl\/fr\/"},{"@type":"ListItem","position":2,"name":"Politique des cookies"}]},{"@type":"WebSite","@id":"https:\/\/www.lechdrob.pl\/fr\/#website","url":"https:\/\/www.lechdrob.pl\/fr\/","name":"Zak\u0142ad Drobiarski LECH DR\u00d3B w Zalewie","description":"Strona zak\u0142adu drobiarskiego LECH DR\u00d3B w Zalewie.","publisher":{"@id":"https:\/\/www.lechdrob.pl\/fr\/#organization"},"potentialAction":[{"@type":"SearchAction","target":{"@type":"EntryPoint","urlTemplate":"https:\/\/www.lechdrob.pl\/fr\/?s={search_term_string}"},"query-input":"required name=search_term_string"}],"inLanguage":"pl-PL"},{"@type":"Organization","@id":"https:\/\/www.lechdrob.pl\/fr\/#organization","name":"Zak\u0142ad Drobiarski LECH DR\u00d3B w Zalewie","url":"https:\/\/www.lechdrob.pl\/fr\/","logo":{"@type":"ImageObject","inLanguage":"pl-PL","@id":"https:\/\/www.lechdrob.pl\/fr\/#\/schema\/logo\/image\/","url":"","contentUrl":"","caption":"Zak\u0142ad Drobiarski LECH DR\u00d3B w Zalewie"},"image":{"@id":"https:\/\/www.lechdrob.pl\/fr\/#\/schema\/logo\/image\/"}}]}},"_links":{"self":[{"href":"https:\/\/www.lechdrob.pl\/fr\/wp-json\/wp\/v2\/pages\/1160"}],"collection":[{"href":"https:\/\/www.lechdrob.pl\/fr\/wp-json\/wp\/v2\/pages"}],"about":[{"href":"https:\/\/www.lechdrob.pl\/fr\/wp-json\/wp\/v2\/types\/page"}],"author":[{"embeddable":true,"href":"https:\/\/www.lechdrob.pl\/fr\/wp-json\/wp\/v2\/users\/1"}],"replies":[{"embeddable":true,"href":"https:\/\/www.lechdrob.pl\/fr\/wp-json\/wp\/v2\/comments?post=1160"}],"version-history":[{"count":1,"href":"https:\/\/www.lechdrob.pl\/fr\/wp-json\/wp\/v2\/pages\/1160\/revisions"}],"predecessor-version":[{"id":16450,"href":"https:\/\/www.lechdrob.pl\/fr\/wp-json\/wp\/v2\/pages\/1160\/revisions\/16450"}],"wp:attachment":[{"href":"https:\/\/www.lechdrob.pl\/fr\/wp-json\/wp\/v2\/media?parent=1160"}],"curies":[{"name":"wp","href":"https:\/\/api.w.org\/{rel}","templated":true}]}}