{"id":9834,"date":"2022-11-21T08:31:04","date_gmt":"2022-11-21T07:31:04","guid":{"rendered":"https:\/\/ddom.eu\/?page_id=9834"},"modified":"2024-03-18T18:26:52","modified_gmt":"2024-03-18T17:26:52","slug":"kontakt","status":"publish","type":"page","link":"https:\/\/www.lechdrob.pl\/en\/kontakt\/","title":{"rendered":"Contact"},"content":{"rendered":"<p>[vc_row equal_height=&#8221;yes&#8221; content_placement=&#8221;middle&#8221; css=&#8221;.vc_custom_1669026697682{padding-top: 30px !important;padding-bottom: 50px !important;}&#8221;][vc_column width=&#8221;1\/2&#8243;][vc_column_text]<\/p>\n<h2 style=\"text-align: center;\">LECH-DR\u00d3B sp. z o.o. Poultry Plant<\/h2>\n<p style=\"text-align: center;\">ul. Tartaczna 20 B<\/p>\n<p style=\"text-align: center;\">14-230 Zalewo<\/p>\n<p style=\"text-align: center;\">tel. <a href=\"tel:896425000\">+48 89 642 50 00<\/a><\/p>\n<p style=\"text-align: center;\">fax <a href=\"tel:896425001\">+48 89 642 50 01<\/a><\/p>\n<p style=\"text-align: center;\">NIP: 744-160-85-56<\/p>\n<p style=\"text-align: center;\">KRS: 0000053920<\/p>\n<p>[\/vc_column_text][vc_column_text]<\/p>\n<div style=\"text-align: center; padding-top: 10px;\">\n<p><a href=\"https:\/\/www.facebook.com\/profile.php?id=61554644925131\" target=\"_blank\" rel=\"nofollow noopener\"><img decoding=\"async\" src=\"https:\/\/lechdrob.pl\/wp-content\/themes\/lechdrob\/lechdrob\/facebookblue.svg\" \/><\/a><a href=\"https:\/\/www.linkedin.com\/company\/zak%C5%82ad-drobiarski-lech-dr%C3%B3b\/\" target=\"_blank\" rel=\"nofollow noopener\"><img decoding=\"async\" src=\"https:\/\/lechdrob.pl\/wp-content\/themes\/lechdrob\/lechdrob\/linkedinblue.svg\" \/><\/a>\u00a0\u00a0<a href=\"https:\/\/www.gowork.pl\/opinie_czytaj,1040714\" target=\"_blank\" rel=\"nofollow noopener\"><img decoding=\"async\" src=\"https:\/\/lechdrob.pl\/wp-content\/themes\/lechdrob\/lechdrob\/gowork.svg\" width=\"6%\" \/><\/a><\/p>\n<p>&nbsp;<\/p>\n<\/div>\n<p>[\/vc_column_text][\/vc_column][vc_column width=&#8221;1\/2&#8243;][vc_raw_html]JTNDaWZyYW1lJTIwc3JjJTNEJTIyaHR0cHMlM0ElMkYlMkZ3d3cuZ29vZ2xlLmNvbSUyRm1hcHMlMkZlbWJlZCUzRnBiJTNEJTIxMW0xNCUyMTFtOCUyMTFtMyUyMTFkMTg4MjguNjY3Mjk5NzQ3NjUzJTIxMmQxOS41ODI4NzQlMjEzZDUzLjg1MDI3MyUyMTNtMiUyMTFpMTAyNCUyMTJpNzY4JTIxNGYxMy4xJTIxM20zJTIxMW0yJTIxMXMweDAlMjUzQTB4MTZhZmM5ZjZkMTdkNmQ0MSUyMTJzTGVjaCUyNTIwRHIlMjVDMyUyNUIzYiUyNTIwUHJvZHVrY2phJTI1MjBtaSUyNUM0JTI1OTlzYSUyNTIwZHJvYmlvd2VnbyUyNTIwS3VyYSUyNTIwRHIlMjVDMyUyNUIzYiUyMTVlMCUyMTNtMiUyMTFzcGwlMjEyc3VzJTIxNHYxNjY5MDI2NTc4MTE3JTIxNW0yJTIxMXNwbCUyMTJzdXMlMjIlMjB3aWR0aCUzRCUyMjEwMCUyNSUyMiUyMGhlaWdodCUzRCUyMjQ1MCUyMiUyMHN0eWxlJTNEJTIyYm9yZGVyJTNBMCUzQiUyMiUyMGFsbG93ZnVsbHNjcmVlbiUzRCUyMiUyMiUyMGxvYWRpbmclM0QlMjJsYXp5JTIyJTIwcmVmZXJyZXJwb2xpY3klM0QlMjJuby1yZWZlcnJlci13aGVuLWRvd25ncmFkZSUyMiUzRSUzQyUyRmlmcmFtZSUzRQ==[\/vc_raw_html][\/vc_column][\/vc_row][vc_row full_width=&#8221;stretch_row_content_no_spaces&#8221; content_placement=&#8221;middle&#8221; disable_element=&#8221;yes&#8221; css=&#8221;.vc_custom_1670315279355{margin-bottom: 10px !important;padding-top: 10px !important;padding-bottom: 10px !important;background-color: #f2f2f2 !important;}&#8221;][vc_column][vc_column_text]<\/p>\n<p style=\"text-align: center;\"><span style=\"font-size: 24pt; color: #000000;\">Dzia\u0142 ksi\u0119gowo\u015bci<\/span><\/p>\n<p>[\/vc_column_text][\/vc_column][\/vc_row][vc_row full_width=&#8221;stretch_row&#8221; equal_height=&#8221;yes&#8221; content_placement=&#8221;middle&#8221; disable_element=&#8221;yes&#8221; css=&#8221;.vc_custom_1670315285370{padding-bottom: 20px !important;}&#8221;][vc_column][vc_column_text]<\/p>\n<p style=\"text-align: center;\"><a href=\"tel:797335217\">797 335 217<\/a><\/p>\n<p>[\/vc_column_text][\/vc_column][\/vc_row][vc_row full_width=&#8221;stretch_row_content_no_spaces&#8221; content_placement=&#8221;middle&#8221; disable_element=&#8221;yes&#8221; css=&#8221;.vc_custom_1670315291319{padding-top: 10px !important;padding-bottom: 10px !important;background-color: #f2f2f2 !important;}&#8221;][vc_column][vc_column_text]<\/p>\n<p style=\"text-align: center;\"><span style=\"font-size: 24pt;\">Dzia\u0142 kadr<\/span><\/p>\n<p>[\/vc_column_text][\/vc_column][\/vc_row][vc_row full_width=&#8221;stretch_row&#8221; equal_height=&#8221;yes&#8221; content_placement=&#8221;top&#8221; disable_element=&#8221;yes&#8221; css=&#8221;.vc_custom_1670315296125{margin-bottom: 20px !important;}&#8221;][vc_column][vc_column_text]<\/p>\n<div dir=\"auto\" style=\"text-align: center;\"><a href=\"tel:797335216\">797 335 216<\/a><\/div>\n<div dir=\"auto\" style=\"text-align: center;\"><a href=\"tel:515118311\">515 118 311<\/a><\/div>\n<p>[\/vc_column_text][\/vc_column][\/vc_row]<\/p>\n","protected":false},"excerpt":{"rendered":"<p>[vc_row equal_height=&#8221;yes&#8221; content_placement=&#8221;middle&#8221; css=&#8221;.vc_custom_1669026697682{padding-top: 30px !important;padding-bottom: 50px !important;}&#8221;][vc_column width=&#8221;1\/2&#8243;][vc_column_text] LECH-DR\u00d3B sp. z o.o. Poultry Plant ul. Tartaczna 20 B 14-230 Zalewo tel. +48 89 642 50 00 fax +48 89 [&#8230;]<\/p>\n","protected":false},"author":1,"featured_media":0,"parent":0,"menu_order":0,"comment_status":"closed","ping_status":"closed","template":"","meta":[],"yoast_head":"<!-- This site is optimized with the Yoast SEO plugin v19.11 - https:\/\/yoast.com\/wordpress\/plugins\/seo\/ -->\n<title>Contact - Zak\u0142ad Drobiarski LECH DR\u00d3B w Zalewie<\/title>\n<meta name=\"robots\" content=\"index, follow, max-snippet:-1, max-image-preview:large, max-video-preview:-1\" \/>\n<link rel=\"canonical\" href=\"https:\/\/www.lechdrob.pl\/en\/kontakt\/\" \/>\n<meta property=\"og:locale\" content=\"pl_PL\" \/>\n<meta property=\"og:type\" content=\"article\" \/>\n<meta property=\"og:title\" content=\"Contact - Zak\u0142ad Drobiarski LECH DR\u00d3B w Zalewie\" \/>\n<meta property=\"og:description\" content=\"[vc_row equal_height=&#8221;yes&#8221; content_placement=&#8221;middle&#8221; css=&#8221;.vc_custom_1669026697682{padding-top: 30px !important;padding-bottom: 50px !important;}&#8221;][vc_column width=&#8221;1\/2&#8243;][vc_column_text] LECH-DR\u00d3B sp. z o.o. Poultry Plant ul. Tartaczna 20 B 14-230 Zalewo tel. +48 89 642 50 00 fax +48 89 [...]\" \/>\n<meta property=\"og:url\" content=\"https:\/\/www.lechdrob.pl\/en\/kontakt\/\" \/>\n<meta property=\"og:site_name\" content=\"Zak\u0142ad Drobiarski LECH DR\u00d3B w Zalewie\" \/>\n<meta property=\"article:modified_time\" content=\"2024-03-18T17:26:52+00:00\" \/>\n<meta property=\"og:image\" content=\"https:\/\/lechdrob.pl\/wp-content\/themes\/lechdrob\/lechdrob\/facebookblue.svg\" \/>\n<meta name=\"twitter:card\" content=\"summary_large_image\" \/>\n<meta name=\"twitter:label1\" content=\"Szacowany czas czytania\" \/>\n\t<meta name=\"twitter:data1\" content=\"2 minuty\" \/>\n<script type=\"application\/ld+json\" class=\"yoast-schema-graph\">{\"@context\":\"https:\/\/schema.org\",\"@graph\":[{\"@type\":\"WebPage\",\"@id\":\"https:\/\/www.lechdrob.pl\/en\/kontakt\/\",\"url\":\"https:\/\/www.lechdrob.pl\/en\/kontakt\/\",\"name\":\"Contact - Zak\u0142ad Drobiarski LECH DR\u00d3B w Zalewie\",\"isPartOf\":{\"@id\":\"https:\/\/www.lechdrob.pl\/en\/#website\"},\"datePublished\":\"2022-11-21T07:31:04+00:00\",\"dateModified\":\"2024-03-18T17:26:52+00:00\",\"breadcrumb\":{\"@id\":\"https:\/\/www.lechdrob.pl\/en\/kontakt\/#breadcrumb\"},\"inLanguage\":\"pl-PL\",\"potentialAction\":[{\"@type\":\"ReadAction\",\"target\":[\"https:\/\/www.lechdrob.pl\/en\/kontakt\/\"]}]},{\"@type\":\"BreadcrumbList\",\"@id\":\"https:\/\/www.lechdrob.pl\/en\/kontakt\/#breadcrumb\",\"itemListElement\":[{\"@type\":\"ListItem\",\"position\":1,\"name\":\"Strona g\u0142\u00f3wna\",\"item\":\"https:\/\/www.lechdrob.pl\/en\/\"},{\"@type\":\"ListItem\",\"position\":2,\"name\":\"Contact\"}]},{\"@type\":\"WebSite\",\"@id\":\"https:\/\/www.lechdrob.pl\/en\/#website\",\"url\":\"https:\/\/www.lechdrob.pl\/en\/\",\"name\":\"Zak\u0142ad Drobiarski LECH DR\u00d3B w Zalewie\",\"description\":\"Strona zak\u0142adu drobiarskiego LECH DR\u00d3B w Zalewie.\",\"publisher\":{\"@id\":\"https:\/\/www.lechdrob.pl\/en\/#organization\"},\"potentialAction\":[{\"@type\":\"SearchAction\",\"target\":{\"@type\":\"EntryPoint\",\"urlTemplate\":\"https:\/\/www.lechdrob.pl\/en\/?s={search_term_string}\"},\"query-input\":\"required name=search_term_string\"}],\"inLanguage\":\"pl-PL\"},{\"@type\":\"Organization\",\"@id\":\"https:\/\/www.lechdrob.pl\/en\/#organization\",\"name\":\"Zak\u0142ad Drobiarski LECH DR\u00d3B w Zalewie\",\"url\":\"https:\/\/www.lechdrob.pl\/en\/\",\"logo\":{\"@type\":\"ImageObject\",\"inLanguage\":\"pl-PL\",\"@id\":\"https:\/\/www.lechdrob.pl\/en\/#\/schema\/logo\/image\/\",\"url\":\"\",\"contentUrl\":\"\",\"caption\":\"Zak\u0142ad Drobiarski LECH DR\u00d3B w Zalewie\"},\"image\":{\"@id\":\"https:\/\/www.lechdrob.pl\/en\/#\/schema\/logo\/image\/\"}}]}<\/script>\n<!-- \/ Yoast SEO plugin. -->","yoast_head_json":{"title":"Contact - Zak\u0142ad Drobiarski LECH DR\u00d3B w Zalewie","robots":{"index":"index","follow":"follow","max-snippet":"max-snippet:-1","max-image-preview":"max-image-preview:large","max-video-preview":"max-video-preview:-1"},"canonical":"https:\/\/www.lechdrob.pl\/en\/kontakt\/","og_locale":"pl_PL","og_type":"article","og_title":"Contact - Zak\u0142ad Drobiarski LECH DR\u00d3B w Zalewie","og_description":"[vc_row equal_height=&#8221;yes&#8221; content_placement=&#8221;middle&#8221; css=&#8221;.vc_custom_1669026697682{padding-top: 30px !important;padding-bottom: 50px !important;}&#8221;][vc_column width=&#8221;1\/2&#8243;][vc_column_text] LECH-DR\u00d3B sp. z o.o. Poultry Plant ul. Tartaczna 20 B 14-230 Zalewo tel. +48 89 642 50 00 fax +48 89 [...]","og_url":"https:\/\/www.lechdrob.pl\/en\/kontakt\/","og_site_name":"Zak\u0142ad Drobiarski LECH DR\u00d3B w Zalewie","article_modified_time":"2024-03-18T17:26:52+00:00","og_image":[{"url":"https:\/\/lechdrob.pl\/wp-content\/themes\/lechdrob\/lechdrob\/facebookblue.svg"}],"twitter_card":"summary_large_image","twitter_misc":{"Szacowany czas czytania":"2 minuty"},"schema":{"@context":"https:\/\/schema.org","@graph":[{"@type":"WebPage","@id":"https:\/\/www.lechdrob.pl\/en\/kontakt\/","url":"https:\/\/www.lechdrob.pl\/en\/kontakt\/","name":"Contact - Zak\u0142ad Drobiarski LECH DR\u00d3B w Zalewie","isPartOf":{"@id":"https:\/\/www.lechdrob.pl\/en\/#website"},"datePublished":"2022-11-21T07:31:04+00:00","dateModified":"2024-03-18T17:26:52+00:00","breadcrumb":{"@id":"https:\/\/www.lechdrob.pl\/en\/kontakt\/#breadcrumb"},"inLanguage":"pl-PL","potentialAction":[{"@type":"ReadAction","target":["https:\/\/www.lechdrob.pl\/en\/kontakt\/"]}]},{"@type":"BreadcrumbList","@id":"https:\/\/www.lechdrob.pl\/en\/kontakt\/#breadcrumb","itemListElement":[{"@type":"ListItem","position":1,"name":"Strona g\u0142\u00f3wna","item":"https:\/\/www.lechdrob.pl\/en\/"},{"@type":"ListItem","position":2,"name":"Contact"}]},{"@type":"WebSite","@id":"https:\/\/www.lechdrob.pl\/en\/#website","url":"https:\/\/www.lechdrob.pl\/en\/","name":"Zak\u0142ad Drobiarski LECH DR\u00d3B w Zalewie","description":"Strona zak\u0142adu drobiarskiego LECH DR\u00d3B w Zalewie.","publisher":{"@id":"https:\/\/www.lechdrob.pl\/en\/#organization"},"potentialAction":[{"@type":"SearchAction","target":{"@type":"EntryPoint","urlTemplate":"https:\/\/www.lechdrob.pl\/en\/?s={search_term_string}"},"query-input":"required name=search_term_string"}],"inLanguage":"pl-PL"},{"@type":"Organization","@id":"https:\/\/www.lechdrob.pl\/en\/#organization","name":"Zak\u0142ad Drobiarski LECH DR\u00d3B w Zalewie","url":"https:\/\/www.lechdrob.pl\/en\/","logo":{"@type":"ImageObject","inLanguage":"pl-PL","@id":"https:\/\/www.lechdrob.pl\/en\/#\/schema\/logo\/image\/","url":"","contentUrl":"","caption":"Zak\u0142ad Drobiarski LECH DR\u00d3B w Zalewie"},"image":{"@id":"https:\/\/www.lechdrob.pl\/en\/#\/schema\/logo\/image\/"}}]}},"_links":{"self":[{"href":"https:\/\/www.lechdrob.pl\/en\/wp-json\/wp\/v2\/pages\/9834"}],"collection":[{"href":"https:\/\/www.lechdrob.pl\/en\/wp-json\/wp\/v2\/pages"}],"about":[{"href":"https:\/\/www.lechdrob.pl\/en\/wp-json\/wp\/v2\/types\/page"}],"author":[{"embeddable":true,"href":"https:\/\/www.lechdrob.pl\/en\/wp-json\/wp\/v2\/users\/1"}],"replies":[{"embeddable":true,"href":"https:\/\/www.lechdrob.pl\/en\/wp-json\/wp\/v2\/comments?post=9834"}],"version-history":[{"count":25,"href":"https:\/\/www.lechdrob.pl\/en\/wp-json\/wp\/v2\/pages\/9834\/revisions"}],"predecessor-version":[{"id":16517,"href":"https:\/\/www.lechdrob.pl\/en\/wp-json\/wp\/v2\/pages\/9834\/revisions\/16517"}],"wp:attachment":[{"href":"https:\/\/www.lechdrob.pl\/en\/wp-json\/wp\/v2\/media?parent=9834"}],"curies":[{"name":"wp","href":"https:\/\/api.w.org\/{rel}","templated":true}]}}