{"id":16406,"date":"2022-12-14T11:43:37","date_gmt":"2022-12-14T10:43:37","guid":{"rendered":"https:\/\/www.lechdrob.pl\/en\/?page_id=16406"},"modified":"2022-12-14T11:44:46","modified_gmt":"2022-12-14T10:44:46","slug":"warunki-sprzedazy","status":"publish","type":"page","link":"https:\/\/www.lechdrob.pl\/en\/warunki-sprzedazy\/","title":{"rendered":"General terms of sale"},"content":{"rendered":"<p>[vc_row equal_height=&#8221;yes&#8221; content_placement=&#8221;middle&#8221; el_class=&#8221;podstronaMargin&#8221;][vc_column width=&#8221;1\/2&#8243;][vc_column_text]<\/p>\n<h3>What is Lorem Ipsum?<\/h3>\n<p>[\/vc_column_text][vc_column_text]<\/p>\n<p style=\"text-align: justify;\">Lorem Ipsum is simply dummy text of the printing and typesetting industry. Lorem Ipsum has been the industry\u2019s standard dummy text ever since the 1500s, when an unknown printer took a galley of type and scrambled it to make a type specimen book. It has survived not only five centuries, but also the leap into electronic typesetting, remaining essentially unchanged. It was popularised in the 1960s with the release of Letraset sheets containing Lorem Ipsum passages, and more recently with desktop publishing software like Aldus PageMaker including versions of Lorem Ipsum.<\/p>\n<p>[\/vc_column_text][\/vc_column][vc_column width=&#8221;1\/2&#8243;][vc_single_image image=&#8221;16407&#8243; img_size=&#8221;630&#215;420&#8243; alignment=&#8221;right&#8221; css_animation=&#8221;slideInRight&#8221;][\/vc_column][\/vc_row][vc_row equal_height=&#8221;yes&#8221; content_placement=&#8221;middle&#8221; el_class=&#8221;podstronaMargin&#8221;][vc_column width=&#8221;1\/2&#8243;][vc_single_image image=&#8221;16408&#8243; img_size=&#8221;630&#215;420&#8243; css_animation=&#8221;slideInLeft&#8221;][\/vc_column][vc_column width=&#8221;1\/2&#8243;][vc_column_text]<\/p>\n<h3>What is Lorem Ipsum?<\/h3>\n<p>[\/vc_column_text][vc_column_text]<\/p>\n<p style=\"text-align: justify;\">Lorem Ipsum is simply dummy text of the printing and typesetting industry. Lorem Ipsum has been the industry\u2019s standard dummy text ever since the 1500s, when an unknown printer took a galley of type and scrambled it to make a type specimen book. It has survived not only five centuries, but also the leap into electronic typesetting, remaining essentially unchanged. It was popularised in the 1960s with the release of Letraset sheets containing Lorem Ipsum passages, and more recently with desktop publishing software like Aldus PageMaker including versions of Lorem Ipsum.<\/p>\n<p>[\/vc_column_text][\/vc_column][\/vc_row]<\/p>\n","protected":false},"excerpt":{"rendered":"<p>[vc_row equal_height=&#8221;yes&#8221; content_placement=&#8221;middle&#8221; el_class=&#8221;podstronaMargin&#8221;][vc_column width=&#8221;1\/2&#8243;][vc_column_text] What is Lorem Ipsum? [\/vc_column_text][vc_column_text] Lorem Ipsum is simply dummy text of the printing and typesetting industry. Lorem Ipsum has been the industry\u2019s standard dummy [&#8230;]<\/p>\n","protected":false},"author":1,"featured_media":0,"parent":0,"menu_order":0,"comment_status":"closed","ping_status":"closed","template":"","meta":[],"yoast_head":"<!-- This site is optimized with the Yoast SEO plugin v19.11 - https:\/\/yoast.com\/wordpress\/plugins\/seo\/ -->\n<title>General terms of sale - Zak\u0142ad Drobiarski LECH DR\u00d3B w Zalewie<\/title>\n<meta name=\"robots\" content=\"index, follow, max-snippet:-1, max-image-preview:large, max-video-preview:-1\" \/>\n<link rel=\"canonical\" href=\"https:\/\/www.lechdrob.pl\/en\/warunki-sprzedazy\/\" \/>\n<meta property=\"og:locale\" content=\"pl_PL\" \/>\n<meta property=\"og:type\" content=\"article\" \/>\n<meta property=\"og:title\" content=\"General terms of sale - Zak\u0142ad Drobiarski LECH DR\u00d3B w Zalewie\" \/>\n<meta property=\"og:description\" content=\"[vc_row equal_height=&#8221;yes&#8221; content_placement=&#8221;middle&#8221; el_class=&#8221;podstronaMargin&#8221;][vc_column width=&#8221;1\/2&#8243;][vc_column_text] What is Lorem Ipsum? [\/vc_column_text][vc_column_text] Lorem Ipsum is simply dummy text of the printing and typesetting industry. Lorem Ipsum has been the industry\u2019s standard dummy [...]\" \/>\n<meta property=\"og:url\" content=\"https:\/\/www.lechdrob.pl\/en\/warunki-sprzedazy\/\" \/>\n<meta property=\"og:site_name\" content=\"Zak\u0142ad Drobiarski LECH DR\u00d3B w Zalewie\" \/>\n<meta property=\"article:modified_time\" content=\"2022-12-14T10:44:46+00:00\" \/>\n<meta name=\"twitter:card\" content=\"summary_large_image\" \/>\n<meta name=\"twitter:label1\" content=\"Szacowany czas czytania\" \/>\n\t<meta name=\"twitter:data1\" content=\"2 minuty\" \/>\n<script type=\"application\/ld+json\" class=\"yoast-schema-graph\">{\"@context\":\"https:\/\/schema.org\",\"@graph\":[{\"@type\":\"WebPage\",\"@id\":\"https:\/\/www.lechdrob.pl\/en\/warunki-sprzedazy\/\",\"url\":\"https:\/\/www.lechdrob.pl\/en\/warunki-sprzedazy\/\",\"name\":\"General terms of sale - Zak\u0142ad Drobiarski LECH DR\u00d3B w Zalewie\",\"isPartOf\":{\"@id\":\"https:\/\/www.lechdrob.pl\/en\/#website\"},\"datePublished\":\"2022-12-14T10:43:37+00:00\",\"dateModified\":\"2022-12-14T10:44:46+00:00\",\"breadcrumb\":{\"@id\":\"https:\/\/www.lechdrob.pl\/en\/warunki-sprzedazy\/#breadcrumb\"},\"inLanguage\":\"pl-PL\",\"potentialAction\":[{\"@type\":\"ReadAction\",\"target\":[\"https:\/\/www.lechdrob.pl\/en\/warunki-sprzedazy\/\"]}]},{\"@type\":\"BreadcrumbList\",\"@id\":\"https:\/\/www.lechdrob.pl\/en\/warunki-sprzedazy\/#breadcrumb\",\"itemListElement\":[{\"@type\":\"ListItem\",\"position\":1,\"name\":\"Strona g\u0142\u00f3wna\",\"item\":\"https:\/\/www.lechdrob.pl\/en\/\"},{\"@type\":\"ListItem\",\"position\":2,\"name\":\"General terms of sale\"}]},{\"@type\":\"WebSite\",\"@id\":\"https:\/\/www.lechdrob.pl\/en\/#website\",\"url\":\"https:\/\/www.lechdrob.pl\/en\/\",\"name\":\"Zak\u0142ad Drobiarski LECH DR\u00d3B w Zalewie\",\"description\":\"Strona zak\u0142adu drobiarskiego LECH DR\u00d3B w Zalewie.\",\"publisher\":{\"@id\":\"https:\/\/www.lechdrob.pl\/en\/#organization\"},\"potentialAction\":[{\"@type\":\"SearchAction\",\"target\":{\"@type\":\"EntryPoint\",\"urlTemplate\":\"https:\/\/www.lechdrob.pl\/en\/?s={search_term_string}\"},\"query-input\":\"required name=search_term_string\"}],\"inLanguage\":\"pl-PL\"},{\"@type\":\"Organization\",\"@id\":\"https:\/\/www.lechdrob.pl\/en\/#organization\",\"name\":\"Zak\u0142ad Drobiarski LECH DR\u00d3B w Zalewie\",\"url\":\"https:\/\/www.lechdrob.pl\/en\/\",\"logo\":{\"@type\":\"ImageObject\",\"inLanguage\":\"pl-PL\",\"@id\":\"https:\/\/www.lechdrob.pl\/en\/#\/schema\/logo\/image\/\",\"url\":\"\",\"contentUrl\":\"\",\"caption\":\"Zak\u0142ad Drobiarski LECH DR\u00d3B w Zalewie\"},\"image\":{\"@id\":\"https:\/\/www.lechdrob.pl\/en\/#\/schema\/logo\/image\/\"}}]}<\/script>\n<!-- \/ Yoast SEO plugin. -->","yoast_head_json":{"title":"General terms of sale - Zak\u0142ad Drobiarski LECH DR\u00d3B w Zalewie","robots":{"index":"index","follow":"follow","max-snippet":"max-snippet:-1","max-image-preview":"max-image-preview:large","max-video-preview":"max-video-preview:-1"},"canonical":"https:\/\/www.lechdrob.pl\/en\/warunki-sprzedazy\/","og_locale":"pl_PL","og_type":"article","og_title":"General terms of sale - Zak\u0142ad Drobiarski LECH DR\u00d3B w Zalewie","og_description":"[vc_row equal_height=&#8221;yes&#8221; content_placement=&#8221;middle&#8221; el_class=&#8221;podstronaMargin&#8221;][vc_column width=&#8221;1\/2&#8243;][vc_column_text] What is Lorem Ipsum? [\/vc_column_text][vc_column_text] Lorem Ipsum is simply dummy text of the printing and typesetting industry. Lorem Ipsum has been the industry\u2019s standard dummy [...]","og_url":"https:\/\/www.lechdrob.pl\/en\/warunki-sprzedazy\/","og_site_name":"Zak\u0142ad Drobiarski LECH DR\u00d3B w Zalewie","article_modified_time":"2022-12-14T10:44:46+00:00","twitter_card":"summary_large_image","twitter_misc":{"Szacowany czas czytania":"2 minuty"},"schema":{"@context":"https:\/\/schema.org","@graph":[{"@type":"WebPage","@id":"https:\/\/www.lechdrob.pl\/en\/warunki-sprzedazy\/","url":"https:\/\/www.lechdrob.pl\/en\/warunki-sprzedazy\/","name":"General terms of sale - Zak\u0142ad Drobiarski LECH DR\u00d3B w Zalewie","isPartOf":{"@id":"https:\/\/www.lechdrob.pl\/en\/#website"},"datePublished":"2022-12-14T10:43:37+00:00","dateModified":"2022-12-14T10:44:46+00:00","breadcrumb":{"@id":"https:\/\/www.lechdrob.pl\/en\/warunki-sprzedazy\/#breadcrumb"},"inLanguage":"pl-PL","potentialAction":[{"@type":"ReadAction","target":["https:\/\/www.lechdrob.pl\/en\/warunki-sprzedazy\/"]}]},{"@type":"BreadcrumbList","@id":"https:\/\/www.lechdrob.pl\/en\/warunki-sprzedazy\/#breadcrumb","itemListElement":[{"@type":"ListItem","position":1,"name":"Strona g\u0142\u00f3wna","item":"https:\/\/www.lechdrob.pl\/en\/"},{"@type":"ListItem","position":2,"name":"General terms of sale"}]},{"@type":"WebSite","@id":"https:\/\/www.lechdrob.pl\/en\/#website","url":"https:\/\/www.lechdrob.pl\/en\/","name":"Zak\u0142ad Drobiarski LECH DR\u00d3B w Zalewie","description":"Strona zak\u0142adu drobiarskiego LECH DR\u00d3B w Zalewie.","publisher":{"@id":"https:\/\/www.lechdrob.pl\/en\/#organization"},"potentialAction":[{"@type":"SearchAction","target":{"@type":"EntryPoint","urlTemplate":"https:\/\/www.lechdrob.pl\/en\/?s={search_term_string}"},"query-input":"required name=search_term_string"}],"inLanguage":"pl-PL"},{"@type":"Organization","@id":"https:\/\/www.lechdrob.pl\/en\/#organization","name":"Zak\u0142ad Drobiarski LECH DR\u00d3B w Zalewie","url":"https:\/\/www.lechdrob.pl\/en\/","logo":{"@type":"ImageObject","inLanguage":"pl-PL","@id":"https:\/\/www.lechdrob.pl\/en\/#\/schema\/logo\/image\/","url":"","contentUrl":"","caption":"Zak\u0142ad Drobiarski LECH DR\u00d3B w Zalewie"},"image":{"@id":"https:\/\/www.lechdrob.pl\/en\/#\/schema\/logo\/image\/"}}]}},"_links":{"self":[{"href":"https:\/\/www.lechdrob.pl\/en\/wp-json\/wp\/v2\/pages\/16406"}],"collection":[{"href":"https:\/\/www.lechdrob.pl\/en\/wp-json\/wp\/v2\/pages"}],"about":[{"href":"https:\/\/www.lechdrob.pl\/en\/wp-json\/wp\/v2\/types\/page"}],"author":[{"embeddable":true,"href":"https:\/\/www.lechdrob.pl\/en\/wp-json\/wp\/v2\/users\/1"}],"replies":[{"embeddable":true,"href":"https:\/\/www.lechdrob.pl\/en\/wp-json\/wp\/v2\/comments?post=16406"}],"version-history":[{"count":2,"href":"https:\/\/www.lechdrob.pl\/en\/wp-json\/wp\/v2\/pages\/16406\/revisions"}],"predecessor-version":[{"id":16411,"href":"https:\/\/www.lechdrob.pl\/en\/wp-json\/wp\/v2\/pages\/16406\/revisions\/16411"}],"wp:attachment":[{"href":"https:\/\/www.lechdrob.pl\/en\/wp-json\/wp\/v2\/media?parent=16406"}],"curies":[{"name":"wp","href":"https:\/\/api.w.org\/{rel}","templated":true}]}}