{"id":16086,"date":"2022-12-05T12:08:50","date_gmt":"2022-12-05T11:08:50","guid":{"rendered":"https:\/\/www.lechdrob.pl\/en\/?page_id=16086"},"modified":"2022-12-14T10:49:05","modified_gmt":"2022-12-14T09:49:05","slug":"kurczak","status":"publish","type":"page","link":"https:\/\/www.lechdrob.pl\/en\/kurczak\/","title":{"rendered":"Chicken"},"content":{"rendered":"<p>[vc_row el_class=&#8221;podstronaMargin&#8221;][vc_column][vc_column_text]<\/p>\n<h3 style=\"text-align: center;\"><span style=\"font-size: 18pt;\">Whole chicken and parts of chicken<\/span><\/h3>\n<p>[\/vc_column_text][\/vc_column][\/vc_row][vc_row equal_height=&#8221;yes&#8221; content_placement=&#8221;top&#8221; el_class=&#8221;podstronaMargin&#8221;][vc_column width=&#8221;1\/4&#8243; el_class=&#8221;produkt2&#8243;][vc_single_image image=&#8221;16087&#8243; img_size=&#8221;full&#8221; alignment=&#8221;center&#8221;][vc_column_text]<\/p>\n<h3>Whole chicken<\/h3>\n<p>[\/vc_column_text][vc_separator color=&#8221;juicy_pink&#8221; css=&#8221;.vc_custom_1670239223928{padding-top: 22px !important;}&#8221;][\/vc_column][vc_column width=&#8221;1\/4&#8243; el_class=&#8221;produkt2&#8243;][vc_single_image image=&#8221;16089&#8243; img_size=&#8221;full&#8221; alignment=&#8221;center&#8221;][vc_column_text]<\/p>\n<h3>Chicken fillet with inner<\/h3>\n<p>[\/vc_column_text][vc_separator color=&#8221;juicy_pink&#8221; css=&#8221;.vc_custom_1670239223928{padding-top: 22px !important;}&#8221;][\/vc_column][vc_column width=&#8221;1\/4&#8243; el_class=&#8221;produkt2&#8243;][vc_single_image image=&#8221;16093&#8243; img_size=&#8221;full&#8221; alignment=&#8221;center&#8221;][vc_column_text]<\/p>\n<h3>Chicken fillet without inner<\/h3>\n<p>[\/vc_column_text][vc_separator color=&#8221;juicy_pink&#8221; css=&#8221;.vc_custom_1670239223928{padding-top: 22px !important;}&#8221;][\/vc_column][vc_column width=&#8221;1\/4&#8243; el_class=&#8221;produkt2&#8243;][vc_single_image image=&#8221;16094&#8243; img_size=&#8221;full&#8221; alignment=&#8221;center&#8221;][vc_column_text]<\/p>\n<h3>Chicken inner fillet<\/h3>\n<p>[\/vc_column_text][vc_separator color=&#8221;juicy_pink&#8221; css=&#8221;.vc_custom_1670239223928{padding-top: 22px !important;}&#8221;][\/vc_column][\/vc_row][vc_row equal_height=&#8221;yes&#8221; content_placement=&#8221;top&#8221; el_class=&#8221;podstronaMargin&#8221;][vc_column width=&#8221;1\/4&#8243; el_class=&#8221;produkt2&#8243;][vc_single_image image=&#8221;16095&#8243; img_size=&#8221;full&#8221; alignment=&#8221;center&#8221;][vc_column_text]<\/p>\n<h3>Chicken wing 3-joint<\/h3>\n<p>[\/vc_column_text][vc_separator color=&#8221;juicy_pink&#8221; css=&#8221;.vc_custom_1670239223928{padding-top: 22px !important;}&#8221;][\/vc_column][vc_column width=&#8221;1\/4&#8243; el_class=&#8221;produkt2&#8243;][vc_single_image image=&#8221;16096&#8243; img_size=&#8221;full&#8221; alignment=&#8221;center&#8221;][vc_column_text]<\/p>\n<h3 style=\"text-align: center;\">Chicken wing 2-joint<\/h3>\n<p>[\/vc_column_text][vc_separator color=&#8221;juicy_pink&#8221; css=&#8221;.vc_custom_1670854205200{padding-top: 22px !important;}&#8221;][\/vc_column][vc_column width=&#8221;1\/4&#8243; el_class=&#8221;produkt2&#8243;][vc_single_image image=&#8221;16102&#8243; img_size=&#8221;full&#8221; alignment=&#8221;center&#8221;][vc_column_text]<\/p>\n<h3 style=\"text-align: center;\">Chicken leg quarter<\/h3>\n<p>[\/vc_column_text][vc_separator color=&#8221;juicy_pink&#8221; css=&#8221;.vc_custom_1670239223928{padding-top: 22px !important;}&#8221;][\/vc_column][vc_column width=&#8221;1\/4&#8243; el_class=&#8221;produkt2&#8243;][vc_single_image image=&#8221;16104&#8243; img_size=&#8221;full&#8221; alignment=&#8221;center&#8221;][vc_column_text]<\/p>\n<h3 style=\"text-align: center;\">Chicken CAPS<\/h3>\n<p>[\/vc_column_text][vc_separator color=&#8221;juicy_pink&#8221; css=&#8221;.vc_custom_1670239223928{padding-top: 22px !important;}&#8221;][\/vc_column][\/vc_row][vc_row equal_height=&#8221;yes&#8221; content_placement=&#8221;top&#8221; el_class=&#8221;podstronaMargin&#8221;][vc_column width=&#8221;1\/4&#8243; el_class=&#8221;produkt2&#8243;][vc_single_image image=&#8221;16107&#8243; img_size=&#8221;full&#8221; alignment=&#8221;center&#8221;][vc_column_text]<\/p>\n<h3>Chicken feet<\/h3>\n<p>[\/vc_column_text][vc_separator color=&#8221;juicy_pink&#8221; css=&#8221;.vc_custom_1670239223928{padding-top: 22px !important;}&#8221;][\/vc_column][vc_column width=&#8221;1\/4&#8243; el_class=&#8221;produkt2&#8243;][vc_single_image image=&#8221;16109&#8243; img_size=&#8221;full&#8221; alignment=&#8221;center&#8221;][vc_column_text]<\/p>\n<h3 style=\"text-align: left;\">Chicken carcass<\/h3>\n<p>[\/vc_column_text][vc_separator color=&#8221;juicy_pink&#8221; css=&#8221;.vc_custom_1670239223928{padding-top: 22px !important;}&#8221;][\/vc_column][vc_column width=&#8221;1\/4&#8243; el_class=&#8221;produkt2&#8243;][vc_single_image image=&#8221;16112&#8243; img_size=&#8221;full&#8221; alignment=&#8221;center&#8221;][vc_column_text]<\/p>\n<h3 style=\"text-align: left;\">Chicken thigh<\/h3>\n<p>[\/vc_column_text][vc_separator color=&#8221;juicy_pink&#8221; css=&#8221;.vc_custom_1670239223928{padding-top: 22px !important;}&#8221;][\/vc_column][vc_column width=&#8221;1\/4&#8243; el_class=&#8221;produkt2&#8243;][vc_single_image image=&#8221;16114&#8243; img_size=&#8221;full&#8221; alignment=&#8221;center&#8221;][vc_column_text]<\/p>\n<h3 style=\"text-align: left;\">Chicken drumstick<\/h3>\n<p>[\/vc_column_text][vc_separator color=&#8221;juicy_pink&#8221; css=&#8221;.vc_custom_1670239223928{padding-top: 22px !important;}&#8221;][\/vc_column][\/vc_row][vc_row equal_height=&#8221;yes&#8221; content_placement=&#8221;top&#8221; el_class=&#8221;podstronaMargin&#8221;][vc_column][vc_column_text]<\/p>\n<p style=\"text-align: center;\"><a class=\"btnPowrot\" href=\"https:\/\/www.lechdrob.pl\/en\/produkty\/\">Return to other products<\/a><\/p>\n<p>[\/vc_column_text][\/vc_column][\/vc_row]<\/p>\n","protected":false},"excerpt":{"rendered":"<p>[vc_row el_class=&#8221;podstronaMargin&#8221;][vc_column][vc_column_text] Whole chicken and parts of chicken [\/vc_column_text][\/vc_column][\/vc_row][vc_row equal_height=&#8221;yes&#8221; content_placement=&#8221;top&#8221; el_class=&#8221;podstronaMargin&#8221;][vc_column width=&#8221;1\/4&#8243; el_class=&#8221;produkt2&#8243;][vc_single_image image=&#8221;16087&#8243; img_size=&#8221;full&#8221; alignment=&#8221;center&#8221;][vc_column_text] Whole chicken [\/vc_column_text][vc_separator color=&#8221;juicy_pink&#8221; css=&#8221;.vc_custom_1670239223928{padding-top: 22px !important;}&#8221;][\/vc_column][vc_column width=&#8221;1\/4&#8243; el_class=&#8221;produkt2&#8243;][vc_single_image image=&#8221;16089&#8243; img_size=&#8221;full&#8221; alignment=&#8221;center&#8221;][vc_column_text] Chicken [&#8230;]<\/p>\n","protected":false},"author":1,"featured_media":0,"parent":0,"menu_order":0,"comment_status":"closed","ping_status":"closed","template":"","meta":[],"yoast_head":"<!-- This site is optimized with the Yoast SEO plugin v19.11 - https:\/\/yoast.com\/wordpress\/plugins\/seo\/ -->\n<title>Chicken - Zak\u0142ad Drobiarski LECH DR\u00d3B w Zalewie<\/title>\n<meta name=\"robots\" content=\"index, follow, max-snippet:-1, max-image-preview:large, max-video-preview:-1\" \/>\n<link rel=\"canonical\" href=\"https:\/\/www.lechdrob.pl\/en\/kurczak\/\" \/>\n<meta property=\"og:locale\" content=\"pl_PL\" \/>\n<meta property=\"og:type\" content=\"article\" \/>\n<meta property=\"og:title\" content=\"Chicken - Zak\u0142ad Drobiarski LECH DR\u00d3B w Zalewie\" \/>\n<meta property=\"og:description\" content=\"[vc_row el_class=&#8221;podstronaMargin&#8221;][vc_column][vc_column_text] Whole chicken and parts of chicken [\/vc_column_text][\/vc_column][\/vc_row][vc_row equal_height=&#8221;yes&#8221; content_placement=&#8221;top&#8221; el_class=&#8221;podstronaMargin&#8221;][vc_column width=&#8221;1\/4&#8243; el_class=&#8221;produkt2&#8243;][vc_single_image image=&#8221;16087&#8243; img_size=&#8221;full&#8221; alignment=&#8221;center&#8221;][vc_column_text] Whole chicken [\/vc_column_text][vc_separator color=&#8221;juicy_pink&#8221; css=&#8221;.vc_custom_1670239223928{padding-top: 22px !important;}&#8221;][\/vc_column][vc_column width=&#8221;1\/4&#8243; el_class=&#8221;produkt2&#8243;][vc_single_image image=&#8221;16089&#8243; img_size=&#8221;full&#8221; alignment=&#8221;center&#8221;][vc_column_text] Chicken [...]\" \/>\n<meta property=\"og:url\" content=\"https:\/\/www.lechdrob.pl\/en\/kurczak\/\" \/>\n<meta property=\"og:site_name\" content=\"Zak\u0142ad Drobiarski LECH DR\u00d3B w Zalewie\" \/>\n<meta property=\"article:modified_time\" content=\"2022-12-14T09:49:05+00:00\" \/>\n<meta name=\"twitter:card\" content=\"summary_large_image\" \/>\n<meta name=\"twitter:label1\" content=\"Szacowany czas czytania\" \/>\n\t<meta name=\"twitter:data1\" content=\"2 minuty\" \/>\n<script type=\"application\/ld+json\" class=\"yoast-schema-graph\">{\"@context\":\"https:\/\/schema.org\",\"@graph\":[{\"@type\":\"WebPage\",\"@id\":\"https:\/\/www.lechdrob.pl\/en\/kurczak\/\",\"url\":\"https:\/\/www.lechdrob.pl\/en\/kurczak\/\",\"name\":\"Chicken - Zak\u0142ad Drobiarski LECH DR\u00d3B w Zalewie\",\"isPartOf\":{\"@id\":\"https:\/\/www.lechdrob.pl\/en\/#website\"},\"datePublished\":\"2022-12-05T11:08:50+00:00\",\"dateModified\":\"2022-12-14T09:49:05+00:00\",\"breadcrumb\":{\"@id\":\"https:\/\/www.lechdrob.pl\/en\/kurczak\/#breadcrumb\"},\"inLanguage\":\"pl-PL\",\"potentialAction\":[{\"@type\":\"ReadAction\",\"target\":[\"https:\/\/www.lechdrob.pl\/en\/kurczak\/\"]}]},{\"@type\":\"BreadcrumbList\",\"@id\":\"https:\/\/www.lechdrob.pl\/en\/kurczak\/#breadcrumb\",\"itemListElement\":[{\"@type\":\"ListItem\",\"position\":1,\"name\":\"Strona g\u0142\u00f3wna\",\"item\":\"https:\/\/www.lechdrob.pl\/en\/\"},{\"@type\":\"ListItem\",\"position\":2,\"name\":\"Chicken\"}]},{\"@type\":\"WebSite\",\"@id\":\"https:\/\/www.lechdrob.pl\/en\/#website\",\"url\":\"https:\/\/www.lechdrob.pl\/en\/\",\"name\":\"Zak\u0142ad Drobiarski LECH DR\u00d3B w Zalewie\",\"description\":\"Strona zak\u0142adu drobiarskiego LECH DR\u00d3B w Zalewie.\",\"publisher\":{\"@id\":\"https:\/\/www.lechdrob.pl\/en\/#organization\"},\"potentialAction\":[{\"@type\":\"SearchAction\",\"target\":{\"@type\":\"EntryPoint\",\"urlTemplate\":\"https:\/\/www.lechdrob.pl\/en\/?s={search_term_string}\"},\"query-input\":\"required name=search_term_string\"}],\"inLanguage\":\"pl-PL\"},{\"@type\":\"Organization\",\"@id\":\"https:\/\/www.lechdrob.pl\/en\/#organization\",\"name\":\"Zak\u0142ad Drobiarski LECH DR\u00d3B w Zalewie\",\"url\":\"https:\/\/www.lechdrob.pl\/en\/\",\"logo\":{\"@type\":\"ImageObject\",\"inLanguage\":\"pl-PL\",\"@id\":\"https:\/\/www.lechdrob.pl\/en\/#\/schema\/logo\/image\/\",\"url\":\"\",\"contentUrl\":\"\",\"caption\":\"Zak\u0142ad Drobiarski LECH DR\u00d3B w Zalewie\"},\"image\":{\"@id\":\"https:\/\/www.lechdrob.pl\/en\/#\/schema\/logo\/image\/\"}}]}<\/script>\n<!-- \/ Yoast SEO plugin. -->","yoast_head_json":{"title":"Chicken - Zak\u0142ad Drobiarski LECH DR\u00d3B w Zalewie","robots":{"index":"index","follow":"follow","max-snippet":"max-snippet:-1","max-image-preview":"max-image-preview:large","max-video-preview":"max-video-preview:-1"},"canonical":"https:\/\/www.lechdrob.pl\/en\/kurczak\/","og_locale":"pl_PL","og_type":"article","og_title":"Chicken - Zak\u0142ad Drobiarski LECH DR\u00d3B w Zalewie","og_description":"[vc_row el_class=&#8221;podstronaMargin&#8221;][vc_column][vc_column_text] Whole chicken and parts of chicken [\/vc_column_text][\/vc_column][\/vc_row][vc_row equal_height=&#8221;yes&#8221; content_placement=&#8221;top&#8221; el_class=&#8221;podstronaMargin&#8221;][vc_column width=&#8221;1\/4&#8243; el_class=&#8221;produkt2&#8243;][vc_single_image image=&#8221;16087&#8243; img_size=&#8221;full&#8221; alignment=&#8221;center&#8221;][vc_column_text] Whole chicken [\/vc_column_text][vc_separator color=&#8221;juicy_pink&#8221; css=&#8221;.vc_custom_1670239223928{padding-top: 22px !important;}&#8221;][\/vc_column][vc_column width=&#8221;1\/4&#8243; el_class=&#8221;produkt2&#8243;][vc_single_image image=&#8221;16089&#8243; img_size=&#8221;full&#8221; alignment=&#8221;center&#8221;][vc_column_text] Chicken [...]","og_url":"https:\/\/www.lechdrob.pl\/en\/kurczak\/","og_site_name":"Zak\u0142ad Drobiarski LECH DR\u00d3B w Zalewie","article_modified_time":"2022-12-14T09:49:05+00:00","twitter_card":"summary_large_image","twitter_misc":{"Szacowany czas czytania":"2 minuty"},"schema":{"@context":"https:\/\/schema.org","@graph":[{"@type":"WebPage","@id":"https:\/\/www.lechdrob.pl\/en\/kurczak\/","url":"https:\/\/www.lechdrob.pl\/en\/kurczak\/","name":"Chicken - Zak\u0142ad Drobiarski LECH DR\u00d3B w Zalewie","isPartOf":{"@id":"https:\/\/www.lechdrob.pl\/en\/#website"},"datePublished":"2022-12-05T11:08:50+00:00","dateModified":"2022-12-14T09:49:05+00:00","breadcrumb":{"@id":"https:\/\/www.lechdrob.pl\/en\/kurczak\/#breadcrumb"},"inLanguage":"pl-PL","potentialAction":[{"@type":"ReadAction","target":["https:\/\/www.lechdrob.pl\/en\/kurczak\/"]}]},{"@type":"BreadcrumbList","@id":"https:\/\/www.lechdrob.pl\/en\/kurczak\/#breadcrumb","itemListElement":[{"@type":"ListItem","position":1,"name":"Strona g\u0142\u00f3wna","item":"https:\/\/www.lechdrob.pl\/en\/"},{"@type":"ListItem","position":2,"name":"Chicken"}]},{"@type":"WebSite","@id":"https:\/\/www.lechdrob.pl\/en\/#website","url":"https:\/\/www.lechdrob.pl\/en\/","name":"Zak\u0142ad Drobiarski LECH DR\u00d3B w Zalewie","description":"Strona zak\u0142adu drobiarskiego LECH DR\u00d3B w Zalewie.","publisher":{"@id":"https:\/\/www.lechdrob.pl\/en\/#organization"},"potentialAction":[{"@type":"SearchAction","target":{"@type":"EntryPoint","urlTemplate":"https:\/\/www.lechdrob.pl\/en\/?s={search_term_string}"},"query-input":"required name=search_term_string"}],"inLanguage":"pl-PL"},{"@type":"Organization","@id":"https:\/\/www.lechdrob.pl\/en\/#organization","name":"Zak\u0142ad Drobiarski LECH DR\u00d3B w Zalewie","url":"https:\/\/www.lechdrob.pl\/en\/","logo":{"@type":"ImageObject","inLanguage":"pl-PL","@id":"https:\/\/www.lechdrob.pl\/en\/#\/schema\/logo\/image\/","url":"","contentUrl":"","caption":"Zak\u0142ad Drobiarski LECH DR\u00d3B w Zalewie"},"image":{"@id":"https:\/\/www.lechdrob.pl\/en\/#\/schema\/logo\/image\/"}}]}},"_links":{"self":[{"href":"https:\/\/www.lechdrob.pl\/en\/wp-json\/wp\/v2\/pages\/16086"}],"collection":[{"href":"https:\/\/www.lechdrob.pl\/en\/wp-json\/wp\/v2\/pages"}],"about":[{"href":"https:\/\/www.lechdrob.pl\/en\/wp-json\/wp\/v2\/types\/page"}],"author":[{"embeddable":true,"href":"https:\/\/www.lechdrob.pl\/en\/wp-json\/wp\/v2\/users\/1"}],"replies":[{"embeddable":true,"href":"https:\/\/www.lechdrob.pl\/en\/wp-json\/wp\/v2\/comments?post=16086"}],"version-history":[{"count":33,"href":"https:\/\/www.lechdrob.pl\/en\/wp-json\/wp\/v2\/pages\/16086\/revisions"}],"predecessor-version":[{"id":16395,"href":"https:\/\/www.lechdrob.pl\/en\/wp-json\/wp\/v2\/pages\/16086\/revisions\/16395"}],"wp:attachment":[{"href":"https:\/\/www.lechdrob.pl\/en\/wp-json\/wp\/v2\/media?parent=16086"}],"curies":[{"name":"wp","href":"https:\/\/api.w.org\/{rel}","templated":true}]}}