{"id":15755,"date":"2022-11-21T15:34:05","date_gmt":"2022-11-21T14:34:05","guid":{"rendered":"https:\/\/www.lechdrob.pl\/en\/?page_id=15755"},"modified":"2022-12-22T11:47:41","modified_gmt":"2022-12-22T10:47:41","slug":"praca","status":"publish","type":"page","link":"https:\/\/www.lechdrob.pl\/en\/praca\/","title":{"rendered":"Jobs"},"content":{"rendered":"<p>[vc_row][vc_column width=&#8221;1\/4&#8243;][\/vc_column][vc_column width=&#8221;1\/2&#8243;][vc_column_text]<\/p>\n<p>Due to the dynamic development of our company, LECH-DR\u00d3B poultry processing plant sp. z o.o., based in Zalewo, 20B Tartaczna Street, 14-230 Zalewo, is hiring a Maintenance Supervisor<\/p>\n<p>&nbsp;<\/p>\n<p style=\"text-align: center;\"><span style=\"text-decoration: underline; color: #ff0000;\"><span style=\"font-size: 18pt;\"><strong>Maintenance Supervisor &#8211; Electrician<\/strong><\/span><\/span><\/p>\n<p>&nbsp;<\/p>\n<p>&nbsp;<\/p>\n<p><strong>Responsibilities:<\/strong><\/p>\n<ul>\n<li>Managing a team of employees;<\/li>\n<li>Analyzing the causes of failures and taking preventive measures to guarantee the continuity of machinery and equipment operation;<\/li>\n<li>Optimization of maintenance costs;<\/li>\n<li>Maintaining technical efficiency of production machinery and equipment;<\/li>\n<li>Repairs and adjustments of control cabinets, machine control systems;<\/li>\n<li>Commissioning and validation of equipment in accordance with applicable health, safety and fire regulations;<\/li>\n<li>Creating repair reports.<\/li>\n<\/ul>\n<p>&nbsp;<\/p>\n<p><strong>Requirements:<\/strong><\/p>\n<ul>\n<li>Secondary education or higher education is welcome &#8211; electronics, automation or electrical engineering;<\/li>\n<li>Possession of SEP authorization up to 1 kV;<\/li>\n<li>Knowledge of electronics and industrial automation systems;<\/li>\n<li>Experience as an electronics\/automation technician for at least 3-4 years;<\/li>\n<li>Knowledge of industrial safety issues;<\/li>\n<li>Knowledge of English language welcome;<\/li>\n<li>Additional courses or training in machine operation, diagnostics and programming welcome;<\/li>\n<li>Responsible and reliable person who likes new challenges;<\/li>\n<li>Ability to organize own work, work in a team.<\/li>\n<\/ul>\n<p>&nbsp;<\/p>\n<p>&nbsp;<\/p>\n<p style=\"text-align: center;\"><span style=\"text-decoration: underline; color: #ff0000; font-size: 18pt;\"><strong>Quality Controller<\/strong><\/span><\/p>\n<p>&nbsp;<\/p>\n<p>&nbsp;<\/p>\n<p><strong>Requirements:<\/strong><\/p>\n<ul>\n<li>secondary education, preferably higher education (food technology).<\/li>\n<li>knowledge and operation of &#8222;MS Office&#8221; type computer programs,<\/li>\n<li>organizational skills,<\/li>\n<li>communicativeness,<\/li>\n<li>ability to analyze and draw conclusions,<\/li>\n<li>perceptiveness, accuracy<\/li>\n<li>knowledge of food safety systems HACCP, IFS, BRC,<\/li>\n<\/ul>\n<p style=\"text-align: center;\"><span style=\"text-decoration: underline;\">experience in a similar position in the food industry is welcome<\/span><\/p>\n<p>&nbsp;<\/p>\n<p>&nbsp;<\/p>\n<p style=\"text-align: center;\"><span style=\"text-decoration: underline; font-size: 18pt; color: #ff0000;\"><strong>Slaughter Department Manager<\/strong><\/span><\/p>\n<p>&nbsp;<\/p>\n<p>&nbsp;<\/p>\n<p><strong>Duties will include:<\/strong><\/p>\n<ul>\n<li>coordinating production<\/li>\n<li>managing a subordinate team of employees<\/li>\n<li>responsibility for the entire production process<\/li>\n<li>planning production costs<\/li>\n<li>supervising the rational use of means of production, raw materials, packaging, and other auxiliary materials<\/li>\n<li>supervision of inter-stock transfers ( mass flow control).<\/li>\n<li>ensuring the efficiency of production processes<\/li>\n<li>responsibility for the pace and realization of production plans<\/li>\n<li>cooperation with the Quality Control Department in terms of observing and continuously improving the principles of the HACCP system and other implemented systems and standards<\/li>\n<li>supervision of the proper operation of machinery and equipment. Cooperation with the technical department in the efficiency of machinery and equipment<\/li>\n<li>Cooperation with the Production Planning Department<\/li>\n<\/ul>\n<p>&nbsp;<\/p>\n<p><strong>Requirements:<\/strong><\/p>\n<ul>\n<li>secondary education welcome higher education ( food technology or related)<\/li>\n<li>experience in working on a managerial position<\/li>\n<li>practical ability to manage a team<\/li>\n<li>organizational and management skills<\/li>\n<li>availability<\/li>\n<li>booklet for sanitary and epidemiological purposes<\/li>\n<\/ul>\n<p>&nbsp;<\/p>\n<p><strong>We offer:<\/strong><\/p>\n<ul>\n<li>contract of employment<\/li>\n<li>stable work in a company with a high and prestigious market position<\/li>\n<li>training support and professional introduction to the workplace<\/li>\n<li>work on modern equipment<\/li>\n<\/ul>\n<p>&nbsp;<\/p>\n<p>&nbsp;<\/p>\n<p>[\/vc_column_text]<div role=\"form\" class=\"wpcf7\" id=\"wpcf7-f15760-o1\" lang=\"pl-PL\" dir=\"ltr\">\n<div class=\"screen-reader-response\"><p role=\"status\" aria-live=\"polite\" aria-atomic=\"true\"><\/p> <ul><\/ul><\/div>\n<form action=\"\/en\/wp-json\/wp\/v2\/pages\/15755#wpcf7-f15760-o1\" method=\"post\" class=\"wpcf7-form init\" enctype=\"multipart\/form-data\" novalidate=\"novalidate\" data-status=\"init\">\n<div style=\"display: none;\">\n<input type=\"hidden\" name=\"_wpcf7\" value=\"15760\" \/>\n<input type=\"hidden\" name=\"_wpcf7_version\" value=\"5.6.4\" \/>\n<input type=\"hidden\" name=\"_wpcf7_locale\" value=\"pl_PL\" \/>\n<input type=\"hidden\" name=\"_wpcf7_unit_tag\" value=\"wpcf7-f15760-o1\" \/>\n<input type=\"hidden\" name=\"_wpcf7_container_post\" value=\"0\" \/>\n<input type=\"hidden\" name=\"_wpcf7_posted_data_hash\" value=\"\" \/>\n<\/div>\n<div class=\"container-fluid\">\n<div class=\"row\">\n<div class=\"col-md-12 no-padding-left\">\n<p>\n    <span class=\"wpcf7-form-control-wrap\" data-name=\"your-name\"><input type=\"text\" name=\"your-name\" value=\"\" size=\"40\" class=\"wpcf7-form-control wpcf7-text wpcf7-validates-as-required\" aria-required=\"true\" aria-invalid=\"false\" placeholder=\"First and last name\" \/><\/span> <\/p>\n<\/div>\n<div class=\"col-md-6 no-padding-left\">\n<p class=\"telefonform\">\n        <span class=\"wpcf7-form-control-wrap\" data-name=\"your-email\"><input type=\"email\" name=\"your-email\" value=\"\" size=\"40\" class=\"wpcf7-form-control wpcf7-text wpcf7-email wpcf7-validates-as-required wpcf7-validates-as-email\" aria-required=\"true\" aria-invalid=\"false\" placeholder=\"E-mail\" \/><\/span> <\/p>\n<\/div>\n<div class=\"col-md-6 no-padding-right\">\n<p class=\"telefonform\">\n    <span class=\"wpcf7-form-control-wrap\" data-name=\"your-subject\"><input type=\"text\" name=\"your-subject\" value=\"\" size=\"40\" class=\"wpcf7-form-control wpcf7-text\" aria-invalid=\"false\" placeholder=\"Phone number\" \/><\/span> <\/p>\n<\/div>\n<div class=\"col-md-12 no-padding1\">\n<p>\n   <span class=\"wpcf7-form-control-wrap\" data-name=\"text-681\"><textarea name=\"text-681\" cols=\"40\" rows=\"10\" class=\"wpcf7-form-control wpcf7-textarea\" aria-invalid=\"false\" placeholder=\"Content of the message\"><\/textarea><\/span>\n<\/p>\n<\/div>\n<div class=\"col-md-12 no-padding1\">\n<p>\n   CV: <span class=\"wpcf7-form-control-wrap\" data-name=\"CV\"><input type=\"file\" name=\"CV\" size=\"40\" class=\"wpcf7-form-control wpcf7-file wpcf7-validates-as-required\" accept=\"audio\/*,video\/*,image\/*\" aria-required=\"true\" aria-invalid=\"false\" \/><\/span><br \/>\n   Cover letter: <span class=\"wpcf7-form-control-wrap\" data-name=\"list\"><input type=\"file\" name=\"list\" size=\"40\" class=\"wpcf7-form-control wpcf7-file wpcf7-validates-as-required\" accept=\"audio\/*,video\/*,image\/*\" aria-required=\"true\" aria-invalid=\"false\" \/><\/span>\n<\/p>\n<\/div>\n<div class=\"col-md-12 no-padding\">\n<p><input type=\"submit\" value=\"Send\" class=\"wpcf7-form-control has-spinner wpcf7-submit\" \/><\/p>\n<\/div>\n<\/div>\n<\/div>\n<p style=\"display: none !important;\"><label>&#916;<textarea name=\"_wpcf7_ak_hp_textarea\" cols=\"45\" rows=\"8\" maxlength=\"100\"><\/textarea><\/label><input type=\"hidden\" id=\"ak_js_1\" name=\"_wpcf7_ak_js\" value=\"58\"\/><script>document.getElementById( \"ak_js_1\" ).setAttribute( \"value\", ( new Date() ).getTime() );<\/script><\/p><div class=\"wpcf7-response-output\" aria-hidden=\"true\"><\/div><\/form><\/div>[\/vc_column][vc_column width=&#8221;1\/4&#8243;][\/vc_column][\/vc_row]<\/p>\n","protected":false},"excerpt":{"rendered":"<p>[vc_row][vc_column width=&#8221;1\/4&#8243;][\/vc_column][vc_column width=&#8221;1\/2&#8243;][vc_column_text] Due to the dynamic development of our company, LECH-DR\u00d3B poultry processing plant sp. z o.o., based in Zalewo, 20B Tartaczna Street, 14-230 Zalewo, is hiring a Maintenance [&#8230;]<\/p>\n","protected":false},"author":1,"featured_media":0,"parent":0,"menu_order":0,"comment_status":"closed","ping_status":"closed","template":"","meta":[],"yoast_head":"<!-- This site is optimized with the Yoast SEO plugin v19.11 - https:\/\/yoast.com\/wordpress\/plugins\/seo\/ -->\n<title>Jobs - Zak\u0142ad Drobiarski LECH DR\u00d3B w Zalewie<\/title>\n<meta name=\"robots\" content=\"index, follow, max-snippet:-1, max-image-preview:large, max-video-preview:-1\" \/>\n<link rel=\"canonical\" href=\"https:\/\/www.lechdrob.pl\/en\/praca\/\" \/>\n<meta property=\"og:locale\" content=\"pl_PL\" \/>\n<meta property=\"og:type\" content=\"article\" \/>\n<meta property=\"og:title\" content=\"Jobs - Zak\u0142ad Drobiarski LECH DR\u00d3B w Zalewie\" \/>\n<meta property=\"og:description\" content=\"[vc_row][vc_column width=&#8221;1\/4&#8243;][\/vc_column][vc_column width=&#8221;1\/2&#8243;][vc_column_text] Due to the dynamic development of our company, LECH-DR\u00d3B poultry processing plant sp. z o.o., based in Zalewo, 20B Tartaczna Street, 14-230 Zalewo, is hiring a Maintenance [...]\" \/>\n<meta property=\"og:url\" content=\"https:\/\/www.lechdrob.pl\/en\/praca\/\" \/>\n<meta property=\"og:site_name\" content=\"Zak\u0142ad Drobiarski LECH DR\u00d3B w Zalewie\" \/>\n<meta property=\"article:modified_time\" content=\"2022-12-22T10:47:41+00:00\" \/>\n<meta name=\"twitter:card\" content=\"summary_large_image\" \/>\n<meta name=\"twitter:label1\" content=\"Szacowany czas czytania\" \/>\n\t<meta name=\"twitter:data1\" content=\"3 minuty\" \/>\n<script type=\"application\/ld+json\" class=\"yoast-schema-graph\">{\"@context\":\"https:\/\/schema.org\",\"@graph\":[{\"@type\":\"WebPage\",\"@id\":\"https:\/\/www.lechdrob.pl\/en\/praca\/\",\"url\":\"https:\/\/www.lechdrob.pl\/en\/praca\/\",\"name\":\"Jobs - Zak\u0142ad Drobiarski LECH DR\u00d3B w Zalewie\",\"isPartOf\":{\"@id\":\"https:\/\/www.lechdrob.pl\/en\/#website\"},\"datePublished\":\"2022-11-21T14:34:05+00:00\",\"dateModified\":\"2022-12-22T10:47:41+00:00\",\"breadcrumb\":{\"@id\":\"https:\/\/www.lechdrob.pl\/en\/praca\/#breadcrumb\"},\"inLanguage\":\"pl-PL\",\"potentialAction\":[{\"@type\":\"ReadAction\",\"target\":[\"https:\/\/www.lechdrob.pl\/en\/praca\/\"]}]},{\"@type\":\"BreadcrumbList\",\"@id\":\"https:\/\/www.lechdrob.pl\/en\/praca\/#breadcrumb\",\"itemListElement\":[{\"@type\":\"ListItem\",\"position\":1,\"name\":\"Strona g\u0142\u00f3wna\",\"item\":\"https:\/\/www.lechdrob.pl\/en\/\"},{\"@type\":\"ListItem\",\"position\":2,\"name\":\"Jobs\"}]},{\"@type\":\"WebSite\",\"@id\":\"https:\/\/www.lechdrob.pl\/en\/#website\",\"url\":\"https:\/\/www.lechdrob.pl\/en\/\",\"name\":\"Zak\u0142ad Drobiarski LECH DR\u00d3B w Zalewie\",\"description\":\"Strona zak\u0142adu drobiarskiego LECH DR\u00d3B w Zalewie.\",\"publisher\":{\"@id\":\"https:\/\/www.lechdrob.pl\/en\/#organization\"},\"potentialAction\":[{\"@type\":\"SearchAction\",\"target\":{\"@type\":\"EntryPoint\",\"urlTemplate\":\"https:\/\/www.lechdrob.pl\/en\/?s={search_term_string}\"},\"query-input\":\"required name=search_term_string\"}],\"inLanguage\":\"pl-PL\"},{\"@type\":\"Organization\",\"@id\":\"https:\/\/www.lechdrob.pl\/en\/#organization\",\"name\":\"Zak\u0142ad Drobiarski LECH DR\u00d3B w Zalewie\",\"url\":\"https:\/\/www.lechdrob.pl\/en\/\",\"logo\":{\"@type\":\"ImageObject\",\"inLanguage\":\"pl-PL\",\"@id\":\"https:\/\/www.lechdrob.pl\/en\/#\/schema\/logo\/image\/\",\"url\":\"\",\"contentUrl\":\"\",\"caption\":\"Zak\u0142ad Drobiarski LECH DR\u00d3B w Zalewie\"},\"image\":{\"@id\":\"https:\/\/www.lechdrob.pl\/en\/#\/schema\/logo\/image\/\"}}]}<\/script>\n<!-- \/ Yoast SEO plugin. -->","yoast_head_json":{"title":"Jobs - Zak\u0142ad Drobiarski LECH DR\u00d3B w Zalewie","robots":{"index":"index","follow":"follow","max-snippet":"max-snippet:-1","max-image-preview":"max-image-preview:large","max-video-preview":"max-video-preview:-1"},"canonical":"https:\/\/www.lechdrob.pl\/en\/praca\/","og_locale":"pl_PL","og_type":"article","og_title":"Jobs - Zak\u0142ad Drobiarski LECH DR\u00d3B w Zalewie","og_description":"[vc_row][vc_column width=&#8221;1\/4&#8243;][\/vc_column][vc_column width=&#8221;1\/2&#8243;][vc_column_text] Due to the dynamic development of our company, LECH-DR\u00d3B poultry processing plant sp. z o.o., based in Zalewo, 20B Tartaczna Street, 14-230 Zalewo, is hiring a Maintenance [...]","og_url":"https:\/\/www.lechdrob.pl\/en\/praca\/","og_site_name":"Zak\u0142ad Drobiarski LECH DR\u00d3B w Zalewie","article_modified_time":"2022-12-22T10:47:41+00:00","twitter_card":"summary_large_image","twitter_misc":{"Szacowany czas czytania":"3 minuty"},"schema":{"@context":"https:\/\/schema.org","@graph":[{"@type":"WebPage","@id":"https:\/\/www.lechdrob.pl\/en\/praca\/","url":"https:\/\/www.lechdrob.pl\/en\/praca\/","name":"Jobs - Zak\u0142ad Drobiarski LECH DR\u00d3B w Zalewie","isPartOf":{"@id":"https:\/\/www.lechdrob.pl\/en\/#website"},"datePublished":"2022-11-21T14:34:05+00:00","dateModified":"2022-12-22T10:47:41+00:00","breadcrumb":{"@id":"https:\/\/www.lechdrob.pl\/en\/praca\/#breadcrumb"},"inLanguage":"pl-PL","potentialAction":[{"@type":"ReadAction","target":["https:\/\/www.lechdrob.pl\/en\/praca\/"]}]},{"@type":"BreadcrumbList","@id":"https:\/\/www.lechdrob.pl\/en\/praca\/#breadcrumb","itemListElement":[{"@type":"ListItem","position":1,"name":"Strona g\u0142\u00f3wna","item":"https:\/\/www.lechdrob.pl\/en\/"},{"@type":"ListItem","position":2,"name":"Jobs"}]},{"@type":"WebSite","@id":"https:\/\/www.lechdrob.pl\/en\/#website","url":"https:\/\/www.lechdrob.pl\/en\/","name":"Zak\u0142ad Drobiarski LECH DR\u00d3B w Zalewie","description":"Strona zak\u0142adu drobiarskiego LECH DR\u00d3B w Zalewie.","publisher":{"@id":"https:\/\/www.lechdrob.pl\/en\/#organization"},"potentialAction":[{"@type":"SearchAction","target":{"@type":"EntryPoint","urlTemplate":"https:\/\/www.lechdrob.pl\/en\/?s={search_term_string}"},"query-input":"required name=search_term_string"}],"inLanguage":"pl-PL"},{"@type":"Organization","@id":"https:\/\/www.lechdrob.pl\/en\/#organization","name":"Zak\u0142ad Drobiarski LECH DR\u00d3B w Zalewie","url":"https:\/\/www.lechdrob.pl\/en\/","logo":{"@type":"ImageObject","inLanguage":"pl-PL","@id":"https:\/\/www.lechdrob.pl\/en\/#\/schema\/logo\/image\/","url":"","contentUrl":"","caption":"Zak\u0142ad Drobiarski LECH DR\u00d3B w Zalewie"},"image":{"@id":"https:\/\/www.lechdrob.pl\/en\/#\/schema\/logo\/image\/"}}]}},"_links":{"self":[{"href":"https:\/\/www.lechdrob.pl\/en\/wp-json\/wp\/v2\/pages\/15755"}],"collection":[{"href":"https:\/\/www.lechdrob.pl\/en\/wp-json\/wp\/v2\/pages"}],"about":[{"href":"https:\/\/www.lechdrob.pl\/en\/wp-json\/wp\/v2\/types\/page"}],"author":[{"embeddable":true,"href":"https:\/\/www.lechdrob.pl\/en\/wp-json\/wp\/v2\/users\/1"}],"replies":[{"embeddable":true,"href":"https:\/\/www.lechdrob.pl\/en\/wp-json\/wp\/v2\/comments?post=15755"}],"version-history":[{"count":16,"href":"https:\/\/www.lechdrob.pl\/en\/wp-json\/wp\/v2\/pages\/15755\/revisions"}],"predecessor-version":[{"id":16437,"href":"https:\/\/www.lechdrob.pl\/en\/wp-json\/wp\/v2\/pages\/15755\/revisions\/16437"}],"wp:attachment":[{"href":"https:\/\/www.lechdrob.pl\/en\/wp-json\/wp\/v2\/media?parent=15755"}],"curies":[{"name":"wp","href":"https:\/\/api.w.org\/{rel}","templated":true}]}}