{"id":15747,"date":"2022-11-21T15:07:46","date_gmt":"2022-11-21T14:07:46","guid":{"rendered":"https:\/\/www.lechdrob.pl\/en\/?page_id=15747"},"modified":"2025-10-08T15:17:04","modified_gmt":"2025-10-08T13:17:04","slug":"surowiec","status":"publish","type":"page","link":"https:\/\/www.lechdrob.pl\/en\/surowiec\/","title":{"rendered":"Livestock"},"content":{"rendered":"<p>[vc_row equal_height=&#8221;yes&#8221; content_placement=&#8221;middle&#8221; el_class=&#8221;podstronaMargin&#8221;][vc_column width=&#8221;1\/2&#8243;][vc_column_text]<\/p>\n<h3>Action strategy<\/h3>\n<p>[\/vc_column_text][vc_column_text]<\/p>\n<p style=\"text-align: justify;\">Focused on the highest product quality. The high class of LECH-DR\u00d3B branded products depends not only on our specialized technological lines or innovative production process, but above all on the quality of the livestock. For this reason, we attach great importance to the selection of business partners supplying poultry for livestock, such as:<\/p>\n<ul>\n<li style=\"text-align: justify;\">cargo laying hen,<\/li>\n<li style=\"text-align: justify;\">reproductive breeding hen,<\/li>\n<li style=\"text-align: justify;\">chicken broiler<\/li>\n<\/ul>\n<p>[\/vc_column_text][\/vc_column][vc_column width=&#8221;1\/2&#8243;][vc_single_image image=&#8221;16001&#8243; img_size=&#8221;full&#8221; alignment=&#8221;right&#8221; css_animation=&#8221;slideInRight&#8221;][\/vc_column][\/vc_row][vc_row equal_height=&#8221;yes&#8221; content_placement=&#8221;middle&#8221; el_class=&#8221;podstronaMargin&#8221;][vc_column width=&#8221;1\/2&#8243;][vc_single_image image=&#8221;15773&#8243; img_size=&#8221;full&#8221; css_animation=&#8221;slideInLeft&#8221;][\/vc_column][vc_column width=&#8221;1\/2&#8243;][vc_column_text]<\/p>\n<h3>Cooperation<\/h3>\n<p>[\/vc_column_text][vc_column_text]<\/p>\n<p style=\"text-align: justify;\">We currently cooperate with a group of over 1,000 certified farms in 16 countries, but our main suppliers of livestock come from Poland. In order to maintain the appropriate quality of production, we make sure that the poultry farms we cooperate with are under constant veterinary supervision, and that the breeders comply with the strict standards within the HACCP system. We constantly monitor the living and living conditions of poultry on the farm and evaluate the condition of animals before and during transport.<\/p>\n<p>[\/vc_column_text][\/vc_column][\/vc_row][vc_row equal_height=&#8221;yes&#8221; content_placement=&#8221;middle&#8221; el_class=&#8221;podstronaMargin&#8221;][vc_column width=&#8221;1\/2&#8243;][vc_column_text]<\/p>\n<h3>Transport fleet<\/h3>\n<p>[\/vc_column_text][vc_column_text]<\/p>\n<p style=\"text-align: justify;\">The vehicle fleet of the LECH-DR\u00d3B Poultry Plant has the appropriate permits to transport poultry. Our slaughter livestock transport fleet also manages its own, specialist transport fleet, adapted to the transport of poultry. We have relevant permits in this regard. Our vehicles have the appropriate certificates, and the drivers have the required licenses to transport poultry. During the transport of poultry, we provide humane transport conditions in accordance with animal welfare regulations. We try to make transport efficient and short as possible, as well as adapted to weather conditions, which is why our fleet is equipped, among others, in the ventilation or watering systems.<\/p>\n<p>[\/vc_column_text][\/vc_column][vc_column width=&#8221;1\/2&#8243;][vc_single_image image=&#8221;16230&#8243; img_size=&#8221;660&#215;430&#8243; alignment=&#8221;right&#8221; css_animation=&#8221;slideInRight&#8221;][\/vc_column][\/vc_row][vc_row equal_height=&#8221;yes&#8221; content_placement=&#8221;middle&#8221; el_class=&#8221;podstronaMargin&#8221;][vc_column width=&#8221;1\/2&#8243;][vc_single_image image=&#8221;15707&#8243; img_size=&#8221;full&#8221; css_animation=&#8221;slideInLeft&#8221;][\/vc_column][vc_column width=&#8221;1\/2&#8243;][vc_column_text]<\/p>\n<h3>Cooperation with poultry farmers<\/h3>\n<p>[\/vc_column_text][vc_column_text]<\/p>\n<p style=\"text-align: justify;\">The basis for establishing cooperation is a business meeting and direct contact with a potential supplier of the livestock, during which mutual needs, expectations and opportunities are discussed. We approach each breeder individually and remain flexible in negotiations. We always want to work out real terms of cooperation and bring mutual business satisfaction.<\/p>\n<p>[\/vc_column_text][\/vc_column][\/vc_row][vc_row equal_height=&#8221;yes&#8221; content_placement=&#8221;middle&#8221; el_class=&#8221;podstronaMargin&#8221;][vc_column width=&#8221;1\/2&#8243;][vc_column_text]<\/p>\n<h3>Department&#8217;s priority<\/h3>\n<p>[\/vc_column_text][vc_column_text]<\/p>\n<p style=\"text-align: justify;\">The priority of the livestock contracting department is to establish long-term cooperation, which translates into cyclical purchase and sale transactions, but we are also open to short-term commercial contracts. Regardless of everything, in cooperation we value reliability, timeliness and simple human honesty. If you are interested in cooperation with LECH-DR\u00d3B &#8211; please contact us.<\/p>\n<p>[\/vc_column_text][vc_column_text]<\/p>\n<p>&nbsp;<\/p>\n<p style=\"text-align: center;\"><a class=\"btnKontakt\" href=\"https:\/\/www.lechdrob.pl\/en\/kontakt\/\">Contact<\/a><\/p>\n<p>[\/vc_column_text][\/vc_column][vc_column width=&#8221;1\/2&#8243;][vc_single_image image=&#8221;15777&#8243; img_size=&#8221;full&#8221; alignment=&#8221;right&#8221; css_animation=&#8221;slideInRight&#8221;][\/vc_column][\/vc_row][vc_row equal_height=&#8221;yes&#8221; content_placement=&#8221;middle&#8221; el_class=&#8221;podstronaMargin&#8221;][vc_column width=&#8221;1\/2&#8243;][vc_single_image image=&#8221;16228&#8243; img_size=&#8221;full&#8221; css_animation=&#8221;slideInLeft&#8221;][\/vc_column][vc_column width=&#8221;1\/2&#8243;][vc_column_text]<\/p>\n<h3>Geographical diversification<\/h3>\n<p>[\/vc_column_text][vc_column_text]<\/p>\n<p style=\"text-align: justify;\">The livestock Department implements a policy of diversifying sources of supply for poultry slaughter livestock in order to maintain production flow, satisfy current market demand and guarantee price stability and timely deliveries to customers. As part of an optimized contracting strategy, we take care of signing futures contracts in Poland as well as in the European Union Member States.<\/p>\n<p>[\/vc_column_text][\/vc_column][\/vc_row][vc_row el_class=&#8221;dzialKontakt&#8221;][vc_column width=&#8221;2\/12&#8243;][vc_column_text]<\/p>\n<p><span style=\"font-size: 18pt; color: #004785;\">The livestock department<\/span><\/p>\n<p>[\/vc_column_text][\/vc_column][vc_column width=&#8221;5\/12&#8243;][vc_row_inner][vc_column_inner width=&#8221;1\/4&#8243;][vc_single_image image=&#8221;16444&#8243;][\/vc_column_inner][vc_column_inner width=&#8221;3\/4&#8243;][vc_column_text]<\/p>\n<p><span style=\"font-size: 14pt; color: #004785;\">Agnieszka Laskowska<\/span><\/p>\n<p>Head of Livestock<\/p>\n<p>&nbsp;<\/p>\n<p>phone: +48 515 118 288<\/p>\n<p><a href=\"mailto:agnieszkalyziak@lechdrob.pl\">agnieszkalyziak@lechdrob.pl<\/a><\/p>\n<p>[\/vc_column_text][\/vc_column_inner][\/vc_row_inner][\/vc_column][vc_column width=&#8221;5\/12&#8243;][vc_row_inner][vc_column_inner width=&#8221;1\/4&#8243;][vc_single_image image=&#8221;16445&#8243;][\/vc_column_inner][vc_column_inner width=&#8221;3\/4&#8243;][vc_column_text]<\/p>\n<p><span style=\"font-size: 14pt; color: #004785;\">Tomasz Witkowski<\/span><\/p>\n<p>Logistics Manager of the Contracting Department<\/p>\n<p>&nbsp;<\/p>\n<p>phone: +48 515 118 334<\/p>\n<p><a href=\"mailto:tomaszwitkowski@lechdrob.pl\">tomaszwitkowski@lechdrob.pl<\/a><\/p>\n<p>[\/vc_column_text][\/vc_column_inner][\/vc_row_inner][\/vc_column][\/vc_row][vc_row el_class=&#8221;dzialKontakt&#8221;][vc_column width=&#8221;2\/12&#8243;][\/vc_column][vc_column width=&#8221;5\/12&#8243;][vc_row_inner][vc_column_inner width=&#8221;1\/4&#8243;][vc_single_image image=&#8221;16446&#8243;][\/vc_column_inner][vc_column_inner width=&#8221;3\/4&#8243;][vc_column_text]<\/p>\n<p><span style=\"font-size: 14pt; color: #004785;\">Jaros\u0142aw Gola\u0144ski<\/span><\/p>\n<p>Head of the livestock department<\/p>\n<p>&nbsp;<\/p>\n<p>phone: +48 515 118 296<\/p>\n<p><a href=\"mailto:jaroslawgolanski@lechdrob.pl\">jaroslawgolanski@lechdrob.pl<\/a><\/p>\n<p>[\/vc_column_text][\/vc_column_inner][\/vc_row_inner][\/vc_column][vc_column width=&#8221;5\/12&#8243;][vc_row_inner][vc_column_inner width=&#8221;1\/4&#8243;][vc_single_image image=&#8221;16447&#8243;][\/vc_column_inner][vc_column_inner width=&#8221;3\/4&#8243;][vc_column_text]<\/p>\n<p><span style=\"font-size: 14pt; color: #004785;\">Danuta Szyma\u0144ska<\/span><\/p>\n<p>Purchasing specialist<\/p>\n<p>&nbsp;<\/p>\n<p>phone: +48 515 118 321<\/p>\n<p><a href=\"mailto:danutaszymanska@lechdrob.pl\">danutaszymanska@lechdrob.pl<\/a><\/p>\n<p>[\/vc_column_text][\/vc_column_inner][\/vc_row_inner][\/vc_column][\/vc_row][vc_row el_class=&#8221;dzialKontakt&#8221;][vc_column width=&#8221;2\/12&#8243;][\/vc_column][vc_column width=&#8221;5\/12&#8243;][vc_row_inner][vc_column_inner width=&#8221;1\/4&#8243;][vc_single_image image=&#8221;16449&#8243;][\/vc_column_inner][vc_column_inner width=&#8221;3\/4&#8243;][vc_column_text]<\/p>\n<p><span style=\"font-size: 14pt; color: #004785;\">Katarzyna Grochowska<\/span><\/p>\n<p>Purchasing and sales specialist<\/p>\n<p>&nbsp;<\/p>\n<p>phone: +48 515 118 302<\/p>\n<p><a href=\"mailto:katarzynadomozych@lechdrob.pl\">katarzynadomozych@lechdrob.pl<\/a><\/p>\n<p>[\/vc_column_text][\/vc_column_inner][\/vc_row_inner][\/vc_column][vc_column width=&#8221;5\/12&#8243;][vc_row_inner][vc_column_inner width=&#8221;1\/4&#8243;][vc_single_image image=&#8221;16450&#8243;][\/vc_column_inner][vc_column_inner width=&#8221;3\/4&#8243;][vc_column_text]<\/p>\n<p><span style=\"font-size: 14pt; color: #004785;\">Marek Czerwi\u0144ki<\/span><\/p>\n<p>Purchasing specialist<\/p>\n<p>&nbsp;<\/p>\n<p>phone: +48 515 118 301<\/p>\n<p><a href=\"mailto:marekczerwinski@lechdrob.pl\">marekczerwinski@lechdrob.pl<\/a><\/p>\n<p>[\/vc_column_text][\/vc_column_inner][\/vc_row_inner][\/vc_column][\/vc_row][vc_row el_class=&#8221;dzialKontakt&#8221;][vc_column width=&#8221;2\/12&#8243;][\/vc_column][vc_column width=&#8221;5\/12&#8243;][vc_row_inner][vc_column_inner width=&#8221;1\/4&#8243;][vc_single_image image=&#8221;16451&#8243;][\/vc_column_inner][vc_column_inner width=&#8221;3\/4&#8243;][vc_column_text]<\/p>\n<p><span style=\"font-size: 14pt; color: #004785;\">Milena Falkowska-Hojan<\/span><\/p>\n<p>Purchasing specialist<\/p>\n<p>&nbsp;<\/p>\n<p>phone: +48 515 118 287<\/p>\n<p><a href=\"mailto:milenafalkowska@lechdrob.pl\">milenafalkowska@lechdrob.pl<\/a><\/p>\n<p>[\/vc_column_text][\/vc_column_inner][\/vc_row_inner][\/vc_column][vc_column width=&#8221;5\/12&#8243;][vc_row_inner][vc_column_inner width=&#8221;1\/4&#8243;][\/vc_column_inner][vc_column_inner width=&#8221;3\/4&#8243;][\/vc_column_inner][\/vc_row_inner][\/vc_column][\/vc_row]<\/p>\n","protected":false},"excerpt":{"rendered":"<p>[vc_row equal_height=&#8221;yes&#8221; content_placement=&#8221;middle&#8221; el_class=&#8221;podstronaMargin&#8221;][vc_column width=&#8221;1\/2&#8243;][vc_column_text] Action strategy [\/vc_column_text][vc_column_text] Focused on the highest product quality. The high class of LECH-DR\u00d3B branded products depends not only on our specialized technological lines or [&#8230;]<\/p>\n","protected":false},"author":1,"featured_media":0,"parent":0,"menu_order":0,"comment_status":"closed","ping_status":"closed","template":"","meta":[],"yoast_head":"<!-- This site is optimized with the Yoast SEO plugin v19.11 - https:\/\/yoast.com\/wordpress\/plugins\/seo\/ -->\n<title>Livestock - Zak\u0142ad Drobiarski LECH DR\u00d3B w Zalewie<\/title>\n<meta name=\"robots\" content=\"index, follow, max-snippet:-1, max-image-preview:large, max-video-preview:-1\" \/>\n<link rel=\"canonical\" href=\"https:\/\/www.lechdrob.pl\/en\/surowiec\/\" \/>\n<meta property=\"og:locale\" content=\"pl_PL\" \/>\n<meta property=\"og:type\" content=\"article\" \/>\n<meta property=\"og:title\" content=\"Livestock - Zak\u0142ad Drobiarski LECH DR\u00d3B w Zalewie\" \/>\n<meta property=\"og:description\" content=\"[vc_row equal_height=&#8221;yes&#8221; content_placement=&#8221;middle&#8221; el_class=&#8221;podstronaMargin&#8221;][vc_column width=&#8221;1\/2&#8243;][vc_column_text] Action strategy [\/vc_column_text][vc_column_text] Focused on the highest product quality. The high class of LECH-DR\u00d3B branded products depends not only on our specialized technological lines or [...]\" \/>\n<meta property=\"og:url\" content=\"https:\/\/www.lechdrob.pl\/en\/surowiec\/\" \/>\n<meta property=\"og:site_name\" content=\"Zak\u0142ad Drobiarski LECH DR\u00d3B w Zalewie\" \/>\n<meta property=\"article:modified_time\" content=\"2025-10-08T13:17:04+00:00\" \/>\n<meta name=\"twitter:card\" content=\"summary_large_image\" \/>\n<meta name=\"twitter:label1\" content=\"Szacowany czas czytania\" \/>\n\t<meta name=\"twitter:data1\" content=\"4 minuty\" \/>\n<script type=\"application\/ld+json\" class=\"yoast-schema-graph\">{\"@context\":\"https:\/\/schema.org\",\"@graph\":[{\"@type\":\"WebPage\",\"@id\":\"https:\/\/www.lechdrob.pl\/en\/surowiec\/\",\"url\":\"https:\/\/www.lechdrob.pl\/en\/surowiec\/\",\"name\":\"Livestock - Zak\u0142ad Drobiarski LECH DR\u00d3B w Zalewie\",\"isPartOf\":{\"@id\":\"https:\/\/www.lechdrob.pl\/en\/#website\"},\"datePublished\":\"2022-11-21T14:07:46+00:00\",\"dateModified\":\"2025-10-08T13:17:04+00:00\",\"breadcrumb\":{\"@id\":\"https:\/\/www.lechdrob.pl\/en\/surowiec\/#breadcrumb\"},\"inLanguage\":\"pl-PL\",\"potentialAction\":[{\"@type\":\"ReadAction\",\"target\":[\"https:\/\/www.lechdrob.pl\/en\/surowiec\/\"]}]},{\"@type\":\"BreadcrumbList\",\"@id\":\"https:\/\/www.lechdrob.pl\/en\/surowiec\/#breadcrumb\",\"itemListElement\":[{\"@type\":\"ListItem\",\"position\":1,\"name\":\"Strona g\u0142\u00f3wna\",\"item\":\"https:\/\/www.lechdrob.pl\/en\/\"},{\"@type\":\"ListItem\",\"position\":2,\"name\":\"Livestock\"}]},{\"@type\":\"WebSite\",\"@id\":\"https:\/\/www.lechdrob.pl\/en\/#website\",\"url\":\"https:\/\/www.lechdrob.pl\/en\/\",\"name\":\"Zak\u0142ad Drobiarski LECH DR\u00d3B w Zalewie\",\"description\":\"Strona zak\u0142adu drobiarskiego LECH DR\u00d3B w Zalewie.\",\"publisher\":{\"@id\":\"https:\/\/www.lechdrob.pl\/en\/#organization\"},\"potentialAction\":[{\"@type\":\"SearchAction\",\"target\":{\"@type\":\"EntryPoint\",\"urlTemplate\":\"https:\/\/www.lechdrob.pl\/en\/?s={search_term_string}\"},\"query-input\":\"required name=search_term_string\"}],\"inLanguage\":\"pl-PL\"},{\"@type\":\"Organization\",\"@id\":\"https:\/\/www.lechdrob.pl\/en\/#organization\",\"name\":\"Zak\u0142ad Drobiarski LECH DR\u00d3B w Zalewie\",\"url\":\"https:\/\/www.lechdrob.pl\/en\/\",\"logo\":{\"@type\":\"ImageObject\",\"inLanguage\":\"pl-PL\",\"@id\":\"https:\/\/www.lechdrob.pl\/en\/#\/schema\/logo\/image\/\",\"url\":\"\",\"contentUrl\":\"\",\"caption\":\"Zak\u0142ad Drobiarski LECH DR\u00d3B w Zalewie\"},\"image\":{\"@id\":\"https:\/\/www.lechdrob.pl\/en\/#\/schema\/logo\/image\/\"}}]}<\/script>\n<!-- \/ Yoast SEO plugin. -->","yoast_head_json":{"title":"Livestock - Zak\u0142ad Drobiarski LECH DR\u00d3B w Zalewie","robots":{"index":"index","follow":"follow","max-snippet":"max-snippet:-1","max-image-preview":"max-image-preview:large","max-video-preview":"max-video-preview:-1"},"canonical":"https:\/\/www.lechdrob.pl\/en\/surowiec\/","og_locale":"pl_PL","og_type":"article","og_title":"Livestock - Zak\u0142ad Drobiarski LECH DR\u00d3B w Zalewie","og_description":"[vc_row equal_height=&#8221;yes&#8221; content_placement=&#8221;middle&#8221; el_class=&#8221;podstronaMargin&#8221;][vc_column width=&#8221;1\/2&#8243;][vc_column_text] Action strategy [\/vc_column_text][vc_column_text] Focused on the highest product quality. The high class of LECH-DR\u00d3B branded products depends not only on our specialized technological lines or [...]","og_url":"https:\/\/www.lechdrob.pl\/en\/surowiec\/","og_site_name":"Zak\u0142ad Drobiarski LECH DR\u00d3B w Zalewie","article_modified_time":"2025-10-08T13:17:04+00:00","twitter_card":"summary_large_image","twitter_misc":{"Szacowany czas czytania":"4 minuty"},"schema":{"@context":"https:\/\/schema.org","@graph":[{"@type":"WebPage","@id":"https:\/\/www.lechdrob.pl\/en\/surowiec\/","url":"https:\/\/www.lechdrob.pl\/en\/surowiec\/","name":"Livestock - Zak\u0142ad Drobiarski LECH DR\u00d3B w Zalewie","isPartOf":{"@id":"https:\/\/www.lechdrob.pl\/en\/#website"},"datePublished":"2022-11-21T14:07:46+00:00","dateModified":"2025-10-08T13:17:04+00:00","breadcrumb":{"@id":"https:\/\/www.lechdrob.pl\/en\/surowiec\/#breadcrumb"},"inLanguage":"pl-PL","potentialAction":[{"@type":"ReadAction","target":["https:\/\/www.lechdrob.pl\/en\/surowiec\/"]}]},{"@type":"BreadcrumbList","@id":"https:\/\/www.lechdrob.pl\/en\/surowiec\/#breadcrumb","itemListElement":[{"@type":"ListItem","position":1,"name":"Strona g\u0142\u00f3wna","item":"https:\/\/www.lechdrob.pl\/en\/"},{"@type":"ListItem","position":2,"name":"Livestock"}]},{"@type":"WebSite","@id":"https:\/\/www.lechdrob.pl\/en\/#website","url":"https:\/\/www.lechdrob.pl\/en\/","name":"Zak\u0142ad Drobiarski LECH DR\u00d3B w Zalewie","description":"Strona zak\u0142adu drobiarskiego LECH DR\u00d3B w Zalewie.","publisher":{"@id":"https:\/\/www.lechdrob.pl\/en\/#organization"},"potentialAction":[{"@type":"SearchAction","target":{"@type":"EntryPoint","urlTemplate":"https:\/\/www.lechdrob.pl\/en\/?s={search_term_string}"},"query-input":"required name=search_term_string"}],"inLanguage":"pl-PL"},{"@type":"Organization","@id":"https:\/\/www.lechdrob.pl\/en\/#organization","name":"Zak\u0142ad Drobiarski LECH DR\u00d3B w Zalewie","url":"https:\/\/www.lechdrob.pl\/en\/","logo":{"@type":"ImageObject","inLanguage":"pl-PL","@id":"https:\/\/www.lechdrob.pl\/en\/#\/schema\/logo\/image\/","url":"","contentUrl":"","caption":"Zak\u0142ad Drobiarski LECH DR\u00d3B w Zalewie"},"image":{"@id":"https:\/\/www.lechdrob.pl\/en\/#\/schema\/logo\/image\/"}}]}},"_links":{"self":[{"href":"https:\/\/www.lechdrob.pl\/en\/wp-json\/wp\/v2\/pages\/15747"}],"collection":[{"href":"https:\/\/www.lechdrob.pl\/en\/wp-json\/wp\/v2\/pages"}],"about":[{"href":"https:\/\/www.lechdrob.pl\/en\/wp-json\/wp\/v2\/types\/page"}],"author":[{"embeddable":true,"href":"https:\/\/www.lechdrob.pl\/en\/wp-json\/wp\/v2\/users\/1"}],"replies":[{"embeddable":true,"href":"https:\/\/www.lechdrob.pl\/en\/wp-json\/wp\/v2\/comments?post=15747"}],"version-history":[{"count":46,"href":"https:\/\/www.lechdrob.pl\/en\/wp-json\/wp\/v2\/pages\/15747\/revisions"}],"predecessor-version":[{"id":16532,"href":"https:\/\/www.lechdrob.pl\/en\/wp-json\/wp\/v2\/pages\/15747\/revisions\/16532"}],"wp:attachment":[{"href":"https:\/\/www.lechdrob.pl\/en\/wp-json\/wp\/v2\/media?parent=15747"}],"curies":[{"name":"wp","href":"https:\/\/api.w.org\/{rel}","templated":true}]}}