{"id":16164,"date":"2022-12-05T13:22:04","date_gmt":"2022-12-05T12:22:04","guid":{"rendered":"https:\/\/www.lechdrob.pl\/de\/?page_id=16164"},"modified":"2022-12-13T11:08:23","modified_gmt":"2022-12-13T10:08:23","slug":"kogut","status":"publish","type":"page","link":"https:\/\/www.lechdrob.pl\/de\/kogut\/","title":{"rendered":"Hahn"},"content":{"rendered":"<p>[vc_row el_class=&#8221;podstronaMargin&#8221;][vc_column][vc_column_text]<\/p>\n<h3 style=\"text-align: center;\"><span style=\"text-align: center;\"><span style=\"font-size: 18pt;\">ganzer Hahn und Teile Hahn<br \/>\n<\/span><\/span><\/h3>\n<p>[\/vc_column_text][\/vc_column][\/vc_row][vc_row equal_height=&#8221;yes&#8221; content_placement=&#8221;top&#8221; el_class=&#8221;podstronaMargin&#8221;][vc_column width=&#8221;1\/4&#8243; el_class=&#8221;produkt2&#8243;][vc_single_image image=&#8221;16165&#8243; img_size=&#8221;full&#8221; alignment=&#8221;center&#8221;][vc_column_text]<\/p>\n<h3>ganzer Hahn<\/h3>\n<p>[\/vc_column_text][vc_separator color=&#8221;juicy_pink&#8221; css=&#8221;.vc_custom_1670239223928{padding-top: 22px !important;}&#8221;][\/vc_column][vc_column width=&#8221;1\/4&#8243; el_class=&#8221;produkt2&#8243;][vc_single_image image=&#8221;16166&#8243; img_size=&#8221;full&#8221; alignment=&#8221;center&#8221;][vc_column_text]<\/p>\n<h3>Keule mit R\u00fcckenst\u00fcck<\/h3>\n<p>[\/vc_column_text][vc_separator color=&#8221;juicy_pink&#8221; css=&#8221;.vc_custom_1670239223928{padding-top: 22px !important;}&#8221;][\/vc_column][vc_column width=&#8221;1\/4&#8243; el_class=&#8221;produkt2&#8243;][vc_single_image image=&#8221;16167&#8243; img_size=&#8221;full&#8221; alignment=&#8221;center&#8221;][vc_column_text]<\/p>\n<h3>Filet<\/h3>\n<p>[\/vc_column_text][vc_separator color=&#8221;juicy_pink&#8221; css=&#8221;.vc_custom_1670239223928{padding-top: 22px !important;}&#8221;][\/vc_column][vc_column width=&#8221;1\/4&#8243; el_class=&#8221;produkt2&#8243;][vc_single_image image=&#8221;16168&#8243; img_size=&#8221;full&#8221; alignment=&#8221;center&#8221;][vc_column_text]<\/p>\n<h3 style=\"text-align: left;\">Keule mit R\u00fcckenst\u00fcck &#8211; schnitt<\/h3>\n<p>[\/vc_column_text][vc_separator color=&#8221;juicy_pink&#8221; css=&#8221;.vc_custom_1670239223928{padding-top: 22px !important;}&#8221;][\/vc_column][\/vc_row][vc_row el_class=&#8221;podstronaMargin&#8221;][vc_column][vc_column_text]<\/p>\n<p style=\"text-align: center;\"><a class=\"btnPowrot\" href=\"https:\/\/www.lechdrob.pl\/de\/produkty\/\">Zur\u00fcck zu anderen Produkten<\/a><\/p>\n<p>[\/vc_column_text][\/vc_column][\/vc_row]<\/p>\n","protected":false},"excerpt":{"rendered":"<p>[vc_row el_class=&#8221;podstronaMargin&#8221;][vc_column][vc_column_text] ganzer Hahn und Teile Hahn [\/vc_column_text][\/vc_column][\/vc_row][vc_row equal_height=&#8221;yes&#8221; content_placement=&#8221;top&#8221; el_class=&#8221;podstronaMargin&#8221;][vc_column width=&#8221;1\/4&#8243; el_class=&#8221;produkt2&#8243;][vc_single_image image=&#8221;16165&#8243; img_size=&#8221;full&#8221; alignment=&#8221;center&#8221;][vc_column_text] ganzer Hahn [\/vc_column_text][vc_separator color=&#8221;juicy_pink&#8221; css=&#8221;.vc_custom_1670239223928{padding-top: 22px !important;}&#8221;][\/vc_column][vc_column width=&#8221;1\/4&#8243; el_class=&#8221;produkt2&#8243;][vc_single_image image=&#8221;16166&#8243; img_size=&#8221;full&#8221; alignment=&#8221;center&#8221;][vc_column_text] Keule mit [&#8230;]<\/p>\n","protected":false},"author":1,"featured_media":0,"parent":0,"menu_order":0,"comment_status":"closed","ping_status":"closed","template":"","meta":[],"yoast_head":"<!-- This site is optimized with the Yoast SEO plugin v19.11 - https:\/\/yoast.com\/wordpress\/plugins\/seo\/ -->\n<title>Hahn - Zak\u0142ad Drobiarski LECH DR\u00d3B w Zalewie<\/title>\n<meta name=\"robots\" content=\"index, follow, max-snippet:-1, max-image-preview:large, max-video-preview:-1\" \/>\n<link rel=\"canonical\" href=\"https:\/\/www.lechdrob.pl\/de\/kogut\/\" \/>\n<meta property=\"og:locale\" content=\"pl_PL\" \/>\n<meta property=\"og:type\" content=\"article\" \/>\n<meta property=\"og:title\" content=\"Hahn - Zak\u0142ad Drobiarski LECH DR\u00d3B w Zalewie\" \/>\n<meta property=\"og:description\" content=\"[vc_row el_class=&#8221;podstronaMargin&#8221;][vc_column][vc_column_text] ganzer Hahn und Teile Hahn [\/vc_column_text][\/vc_column][\/vc_row][vc_row equal_height=&#8221;yes&#8221; content_placement=&#8221;top&#8221; el_class=&#8221;podstronaMargin&#8221;][vc_column width=&#8221;1\/4&#8243; el_class=&#8221;produkt2&#8243;][vc_single_image image=&#8221;16165&#8243; img_size=&#8221;full&#8221; alignment=&#8221;center&#8221;][vc_column_text] ganzer Hahn [\/vc_column_text][vc_separator color=&#8221;juicy_pink&#8221; css=&#8221;.vc_custom_1670239223928{padding-top: 22px !important;}&#8221;][\/vc_column][vc_column width=&#8221;1\/4&#8243; el_class=&#8221;produkt2&#8243;][vc_single_image image=&#8221;16166&#8243; img_size=&#8221;full&#8221; alignment=&#8221;center&#8221;][vc_column_text] Keule mit [...]\" \/>\n<meta property=\"og:url\" content=\"https:\/\/www.lechdrob.pl\/de\/kogut\/\" \/>\n<meta property=\"og:site_name\" content=\"Zak\u0142ad Drobiarski LECH DR\u00d3B w Zalewie\" \/>\n<meta property=\"article:modified_time\" content=\"2022-12-13T10:08:23+00:00\" \/>\n<meta name=\"twitter:card\" content=\"summary_large_image\" \/>\n<meta name=\"twitter:label1\" content=\"Szacowany czas czytania\" \/>\n\t<meta name=\"twitter:data1\" content=\"1 minuta\" \/>\n<script type=\"application\/ld+json\" class=\"yoast-schema-graph\">{\"@context\":\"https:\/\/schema.org\",\"@graph\":[{\"@type\":\"WebPage\",\"@id\":\"https:\/\/www.lechdrob.pl\/de\/kogut\/\",\"url\":\"https:\/\/www.lechdrob.pl\/de\/kogut\/\",\"name\":\"Hahn - Zak\u0142ad Drobiarski LECH DR\u00d3B w Zalewie\",\"isPartOf\":{\"@id\":\"https:\/\/www.lechdrob.pl\/de\/#website\"},\"datePublished\":\"2022-12-05T12:22:04+00:00\",\"dateModified\":\"2022-12-13T10:08:23+00:00\",\"breadcrumb\":{\"@id\":\"https:\/\/www.lechdrob.pl\/de\/kogut\/#breadcrumb\"},\"inLanguage\":\"pl-PL\",\"potentialAction\":[{\"@type\":\"ReadAction\",\"target\":[\"https:\/\/www.lechdrob.pl\/de\/kogut\/\"]}]},{\"@type\":\"BreadcrumbList\",\"@id\":\"https:\/\/www.lechdrob.pl\/de\/kogut\/#breadcrumb\",\"itemListElement\":[{\"@type\":\"ListItem\",\"position\":1,\"name\":\"Strona g\u0142\u00f3wna\",\"item\":\"https:\/\/www.lechdrob.pl\/de\/\"},{\"@type\":\"ListItem\",\"position\":2,\"name\":\"Hahn\"}]},{\"@type\":\"WebSite\",\"@id\":\"https:\/\/www.lechdrob.pl\/de\/#website\",\"url\":\"https:\/\/www.lechdrob.pl\/de\/\",\"name\":\"Zak\u0142ad Drobiarski LECH DR\u00d3B w Zalewie\",\"description\":\"Strona zak\u0142adu drobiarskiego LECH DR\u00d3B w Zalewie.\",\"publisher\":{\"@id\":\"https:\/\/www.lechdrob.pl\/de\/#organization\"},\"potentialAction\":[{\"@type\":\"SearchAction\",\"target\":{\"@type\":\"EntryPoint\",\"urlTemplate\":\"https:\/\/www.lechdrob.pl\/de\/?s={search_term_string}\"},\"query-input\":\"required name=search_term_string\"}],\"inLanguage\":\"pl-PL\"},{\"@type\":\"Organization\",\"@id\":\"https:\/\/www.lechdrob.pl\/de\/#organization\",\"name\":\"Zak\u0142ad Drobiarski LECH DR\u00d3B w Zalewie\",\"url\":\"https:\/\/www.lechdrob.pl\/de\/\",\"logo\":{\"@type\":\"ImageObject\",\"inLanguage\":\"pl-PL\",\"@id\":\"https:\/\/www.lechdrob.pl\/de\/#\/schema\/logo\/image\/\",\"url\":\"\",\"contentUrl\":\"\",\"caption\":\"Zak\u0142ad Drobiarski LECH DR\u00d3B w Zalewie\"},\"image\":{\"@id\":\"https:\/\/www.lechdrob.pl\/de\/#\/schema\/logo\/image\/\"}}]}<\/script>\n<!-- \/ Yoast SEO plugin. -->","yoast_head_json":{"title":"Hahn - Zak\u0142ad Drobiarski LECH DR\u00d3B w Zalewie","robots":{"index":"index","follow":"follow","max-snippet":"max-snippet:-1","max-image-preview":"max-image-preview:large","max-video-preview":"max-video-preview:-1"},"canonical":"https:\/\/www.lechdrob.pl\/de\/kogut\/","og_locale":"pl_PL","og_type":"article","og_title":"Hahn - Zak\u0142ad Drobiarski LECH DR\u00d3B w Zalewie","og_description":"[vc_row el_class=&#8221;podstronaMargin&#8221;][vc_column][vc_column_text] ganzer Hahn und Teile Hahn [\/vc_column_text][\/vc_column][\/vc_row][vc_row equal_height=&#8221;yes&#8221; content_placement=&#8221;top&#8221; el_class=&#8221;podstronaMargin&#8221;][vc_column width=&#8221;1\/4&#8243; el_class=&#8221;produkt2&#8243;][vc_single_image image=&#8221;16165&#8243; img_size=&#8221;full&#8221; alignment=&#8221;center&#8221;][vc_column_text] ganzer Hahn [\/vc_column_text][vc_separator color=&#8221;juicy_pink&#8221; css=&#8221;.vc_custom_1670239223928{padding-top: 22px !important;}&#8221;][\/vc_column][vc_column width=&#8221;1\/4&#8243; el_class=&#8221;produkt2&#8243;][vc_single_image image=&#8221;16166&#8243; img_size=&#8221;full&#8221; alignment=&#8221;center&#8221;][vc_column_text] Keule mit [...]","og_url":"https:\/\/www.lechdrob.pl\/de\/kogut\/","og_site_name":"Zak\u0142ad Drobiarski LECH DR\u00d3B w Zalewie","article_modified_time":"2022-12-13T10:08:23+00:00","twitter_card":"summary_large_image","twitter_misc":{"Szacowany czas czytania":"1 minuta"},"schema":{"@context":"https:\/\/schema.org","@graph":[{"@type":"WebPage","@id":"https:\/\/www.lechdrob.pl\/de\/kogut\/","url":"https:\/\/www.lechdrob.pl\/de\/kogut\/","name":"Hahn - Zak\u0142ad Drobiarski LECH DR\u00d3B w Zalewie","isPartOf":{"@id":"https:\/\/www.lechdrob.pl\/de\/#website"},"datePublished":"2022-12-05T12:22:04+00:00","dateModified":"2022-12-13T10:08:23+00:00","breadcrumb":{"@id":"https:\/\/www.lechdrob.pl\/de\/kogut\/#breadcrumb"},"inLanguage":"pl-PL","potentialAction":[{"@type":"ReadAction","target":["https:\/\/www.lechdrob.pl\/de\/kogut\/"]}]},{"@type":"BreadcrumbList","@id":"https:\/\/www.lechdrob.pl\/de\/kogut\/#breadcrumb","itemListElement":[{"@type":"ListItem","position":1,"name":"Strona g\u0142\u00f3wna","item":"https:\/\/www.lechdrob.pl\/de\/"},{"@type":"ListItem","position":2,"name":"Hahn"}]},{"@type":"WebSite","@id":"https:\/\/www.lechdrob.pl\/de\/#website","url":"https:\/\/www.lechdrob.pl\/de\/","name":"Zak\u0142ad Drobiarski LECH DR\u00d3B w Zalewie","description":"Strona zak\u0142adu drobiarskiego LECH DR\u00d3B w Zalewie.","publisher":{"@id":"https:\/\/www.lechdrob.pl\/de\/#organization"},"potentialAction":[{"@type":"SearchAction","target":{"@type":"EntryPoint","urlTemplate":"https:\/\/www.lechdrob.pl\/de\/?s={search_term_string}"},"query-input":"required name=search_term_string"}],"inLanguage":"pl-PL"},{"@type":"Organization","@id":"https:\/\/www.lechdrob.pl\/de\/#organization","name":"Zak\u0142ad Drobiarski LECH DR\u00d3B w Zalewie","url":"https:\/\/www.lechdrob.pl\/de\/","logo":{"@type":"ImageObject","inLanguage":"pl-PL","@id":"https:\/\/www.lechdrob.pl\/de\/#\/schema\/logo\/image\/","url":"","contentUrl":"","caption":"Zak\u0142ad Drobiarski LECH DR\u00d3B w Zalewie"},"image":{"@id":"https:\/\/www.lechdrob.pl\/de\/#\/schema\/logo\/image\/"}}]}},"_links":{"self":[{"href":"https:\/\/www.lechdrob.pl\/de\/wp-json\/wp\/v2\/pages\/16164"}],"collection":[{"href":"https:\/\/www.lechdrob.pl\/de\/wp-json\/wp\/v2\/pages"}],"about":[{"href":"https:\/\/www.lechdrob.pl\/de\/wp-json\/wp\/v2\/types\/page"}],"author":[{"embeddable":true,"href":"https:\/\/www.lechdrob.pl\/de\/wp-json\/wp\/v2\/users\/1"}],"replies":[{"embeddable":true,"href":"https:\/\/www.lechdrob.pl\/de\/wp-json\/wp\/v2\/comments?post=16164"}],"version-history":[{"count":9,"href":"https:\/\/www.lechdrob.pl\/de\/wp-json\/wp\/v2\/pages\/16164\/revisions"}],"predecessor-version":[{"id":16371,"href":"https:\/\/www.lechdrob.pl\/de\/wp-json\/wp\/v2\/pages\/16164\/revisions\/16371"}],"wp:attachment":[{"href":"https:\/\/www.lechdrob.pl\/de\/wp-json\/wp\/v2\/media?parent=16164"}],"curies":[{"name":"wp","href":"https:\/\/api.w.org\/{rel}","templated":true}]}}