{"id":15764,"date":"2022-11-22T09:03:47","date_gmt":"2022-11-22T08:03:47","guid":{"rendered":"https:\/\/www.lechdrob.pl\/de\/?page_id=15764"},"modified":"2024-03-19T13:50:01","modified_gmt":"2024-03-19T12:50:01","slug":"transport","status":"publish","type":"page","link":"https:\/\/www.lechdrob.pl\/de\/transport\/","title":{"rendered":"Transport und Logistik"},"content":{"rendered":"<p>[vc_row equal_height=&#8221;yes&#8221; content_placement=&#8221;middle&#8221; el_class=&#8221;podstronaMargin&#8221;][vc_column width=&#8221;1\/2&#8243;][vc_column_text]<\/p>\n<h3>Transport und Logistik<\/h3>\n<p>[\/vc_column_text][vc_column_text]<\/p>\n<p style=\"text-align: justify;\">Der Gefl\u00fcgelbetrieb LECH-DR\u00d3B f\u00fchrt den Geflugeltransport im Rahmen seiner eigenen Transporte durch. Dazu dient ein Fuhrpark, der mit mehr als 100 Spezialtransportern ausgestattet ist, bei denen es sich um moderne Sattelkraftfahrzeuge handelt, die aus einer Sattelzugmaschine und einem Sattelauflieger bestehen.<\/p>\n<p>[\/vc_column_text][\/vc_column][vc_column width=&#8221;1\/2&#8243;][vc_single_image image=&#8221;15994&#8243; img_size=&#8221;660&#215;370&#8243; alignment=&#8221;right&#8221; css_animation=&#8221;slideInRight&#8221;][\/vc_column][\/vc_row][vc_row equal_height=&#8221;yes&#8221; content_placement=&#8221;middle&#8221; el_class=&#8221;podstronaMargin&#8221;][vc_column width=&#8221;1\/2&#8243;][vc_single_image image=&#8221;15996&#8243; img_size=&#8221;630&#215;420&#8243; css_animation=&#8221;slideInLeft&#8221;][\/vc_column][vc_column width=&#8221;1\/2&#8243;][vc_column_text]<\/p>\n<h3>Bef\u00f6rderung des Schlachtgefl\u00fcgels<\/h3>\n<p>[\/vc_column_text][vc_column_text]<\/p>\n<p style=\"text-align: justify;\">Der Gefl\u00fcgelbetrieb LECH-DR\u00d3B erf\u00fcllt die Anforderungen, die sich aus den Vorschriften ergeben, im Bereich der Verpflichtung, alle Genehmigungen und Bescheinigungen \u00fcber die Zulassung von Transportmitteln zu erhalten, sowie im Bereich der Lizenzen f\u00fcr Fahrer und Personen, die Tiere behandeln. Unsere Transportmittel sind speziell f\u00fcr den Transport von Gefl\u00fcgel geeignet, wodurch sie absolut sicher sind und angemessene Transportbedingungen gew\u00e4hrleisten.<\/p>\n<p>[\/vc_column_text][\/vc_column][\/vc_row][vc_row equal_height=&#8221;yes&#8221; el_class=&#8221;dzialKontakt&#8221;][vc_column width=&#8221;2\/12&#8243;][vc_column_text]<\/p>\n<p><span style=\"font-size: 18pt; color: #004785;\">Transport und Logistik<\/span><\/p>\n<p>[\/vc_column_text][\/vc_column][vc_column width=&#8221;5\/12&#8243;][vc_row_inner el_class=&#8221;dzialPuzzel&#8221;][vc_column_inner width=&#8221;1\/4&#8243;][vc_single_image image=&#8221;16463&#8243;][\/vc_column_inner][vc_column_inner width=&#8221;3\/4&#8243;][vc_column_text]<\/p>\n<p><span style=\"font-size: 14pt;\"><span style=\"color: #004785;\">Wojciech Dzio\u0142ak<\/span> <\/span><\/p>\n<p>Direktor f\u00fcr Instandhaltung und Betrieb von Kraftfahrzeugen<\/p>\n<p>&nbsp;<\/p>\n<p>Nr. +48 515 118 297<\/p>\n<p><a href=\"mailto:wojciechdziolak@lechdrob.pl\">wojciechdziolak@lechdrob.pl<\/a><\/p>\n<p>[\/vc_column_text][\/vc_column_inner][\/vc_row_inner][\/vc_column][vc_column width=&#8221;5\/12&#8243;][vc_row_inner el_class=&#8221;dzialPuzzel&#8221;][vc_column_inner width=&#8221;1\/4&#8243;][vc_single_image image=&#8221;16470&#8243;][\/vc_column_inner][vc_column_inner width=&#8221;3\/4&#8243;][vc_column_text]<\/p>\n<p><span style=\"font-size: 14pt;\"><span style=\"color: #004785;\">Karol Wrzesi\u0144ski<\/span> <\/span><\/p>\n<p>Direktor f\u00fcr Kraftstoffmarketing und technische Depots<\/p>\n<p>&nbsp;<\/p>\n<p>Nr. +48 517 132 377<\/p>\n<p><a href=\"mailto:karolwrzesinski@lechdrob.pl\">karolwrzesinski@lechdrob.pl<\/a><\/p>\n<p>[\/vc_column_text][\/vc_column_inner][\/vc_row_inner][\/vc_column][\/vc_row][vc_row equal_height=&#8221;yes&#8221; el_class=&#8221;dzialKontakt&#8221;][vc_column width=&#8221;2\/12&#8243;][\/vc_column][vc_column width=&#8221;5\/12&#8243;][vc_row_inner][vc_column_inner width=&#8221;1\/4&#8243;][vc_single_image image=&#8221;16468&#8243;][\/vc_column_inner][vc_column_inner width=&#8221;3\/4&#8243;][vc_column_text]<\/p>\n<p><span style=\"font-size: 14pt;\"><span style=\"color: #004785;\">Tomasz Witkowski<\/span> <\/span><\/p>\n<p>Logistikmanager f\u00fcr die Contracting<\/p>\n<p>&nbsp;<\/p>\n<p>Nr. +48 515 118 334<\/p>\n<p><a href=\"mailto:tomaszwitkowski@lechdrob.pl\">tomaszwitkowski@lechdrob.pl<\/a><\/p>\n<p>[\/vc_column_text][\/vc_column_inner][\/vc_row_inner][\/vc_column][vc_column width=&#8221;5\/12&#8243;][vc_row_inner][vc_column_inner width=&#8221;1\/4&#8243;][vc_single_image image=&#8221;15854&#8243;][\/vc_column_inner][vc_column_inner width=&#8221;3\/4&#8243;][vc_column_text]<\/p>\n<p><span style=\"font-size: 14pt; color: #004785;\">Jan S\u0142u\u017calec<\/span><\/p>\n<p>Transport Manager<\/p>\n<p>&nbsp;<\/p>\n<p>Nr. +48 515 118 298<\/p>\n<p><a href=\"mailto:jansluzalec@lechdrob.pl\">jansluzalec@lechdrob.pl<\/a><\/p>\n<p>[\/vc_column_text][\/vc_column_inner][\/vc_row_inner][\/vc_column][\/vc_row][vc_row equal_height=&#8221;yes&#8221; el_class=&#8221;dzialKontakt&#8221;][vc_column width=&#8221;2\/12&#8243;][\/vc_column][vc_column width=&#8221;5\/12&#8243;][\/vc_column][vc_column width=&#8221;5\/12&#8243;][vc_row_inner][vc_column_inner width=&#8221;1\/4&#8243;][\/vc_column_inner][vc_column_inner width=&#8221;3\/4&#8243;][\/vc_column_inner][\/vc_row_inner][\/vc_column][\/vc_row]<\/p>\n","protected":false},"excerpt":{"rendered":"<p>[vc_row equal_height=&#8221;yes&#8221; content_placement=&#8221;middle&#8221; el_class=&#8221;podstronaMargin&#8221;][vc_column width=&#8221;1\/2&#8243;][vc_column_text] Transport und Logistik [\/vc_column_text][vc_column_text] Der Gefl\u00fcgelbetrieb LECH-DR\u00d3B f\u00fchrt den Geflugeltransport im Rahmen seiner eigenen Transporte durch. Dazu dient ein Fuhrpark, der mit mehr als 100 [&#8230;]<\/p>\n","protected":false},"author":1,"featured_media":0,"parent":0,"menu_order":0,"comment_status":"closed","ping_status":"closed","template":"","meta":[],"yoast_head":"<!-- This site is optimized with the Yoast SEO plugin v19.11 - https:\/\/yoast.com\/wordpress\/plugins\/seo\/ -->\n<title>Transport und Logistik - Zak\u0142ad Drobiarski LECH DR\u00d3B w Zalewie<\/title>\n<meta name=\"robots\" content=\"index, follow, max-snippet:-1, max-image-preview:large, max-video-preview:-1\" \/>\n<link rel=\"canonical\" href=\"https:\/\/www.lechdrob.pl\/de\/transport\/\" \/>\n<meta property=\"og:locale\" content=\"pl_PL\" \/>\n<meta property=\"og:type\" content=\"article\" \/>\n<meta property=\"og:title\" content=\"Transport und Logistik - Zak\u0142ad Drobiarski LECH DR\u00d3B w Zalewie\" \/>\n<meta property=\"og:description\" content=\"[vc_row equal_height=&#8221;yes&#8221; content_placement=&#8221;middle&#8221; el_class=&#8221;podstronaMargin&#8221;][vc_column width=&#8221;1\/2&#8243;][vc_column_text] Transport und Logistik [\/vc_column_text][vc_column_text] Der Gefl\u00fcgelbetrieb LECH-DR\u00d3B f\u00fchrt den Geflugeltransport im Rahmen seiner eigenen Transporte durch. Dazu dient ein Fuhrpark, der mit mehr als 100 [...]\" \/>\n<meta property=\"og:url\" content=\"https:\/\/www.lechdrob.pl\/de\/transport\/\" \/>\n<meta property=\"og:site_name\" content=\"Zak\u0142ad Drobiarski LECH DR\u00d3B w Zalewie\" \/>\n<meta property=\"article:modified_time\" content=\"2024-03-19T12:50:01+00:00\" \/>\n<meta name=\"twitter:card\" content=\"summary_large_image\" \/>\n<meta name=\"twitter:label1\" content=\"Szacowany czas czytania\" \/>\n\t<meta name=\"twitter:data1\" content=\"2 minuty\" \/>\n<script type=\"application\/ld+json\" class=\"yoast-schema-graph\">{\"@context\":\"https:\/\/schema.org\",\"@graph\":[{\"@type\":\"WebPage\",\"@id\":\"https:\/\/www.lechdrob.pl\/de\/transport\/\",\"url\":\"https:\/\/www.lechdrob.pl\/de\/transport\/\",\"name\":\"Transport und Logistik - Zak\u0142ad Drobiarski LECH DR\u00d3B w Zalewie\",\"isPartOf\":{\"@id\":\"https:\/\/www.lechdrob.pl\/de\/#website\"},\"datePublished\":\"2022-11-22T08:03:47+00:00\",\"dateModified\":\"2024-03-19T12:50:01+00:00\",\"breadcrumb\":{\"@id\":\"https:\/\/www.lechdrob.pl\/de\/transport\/#breadcrumb\"},\"inLanguage\":\"pl-PL\",\"potentialAction\":[{\"@type\":\"ReadAction\",\"target\":[\"https:\/\/www.lechdrob.pl\/de\/transport\/\"]}]},{\"@type\":\"BreadcrumbList\",\"@id\":\"https:\/\/www.lechdrob.pl\/de\/transport\/#breadcrumb\",\"itemListElement\":[{\"@type\":\"ListItem\",\"position\":1,\"name\":\"Strona g\u0142\u00f3wna\",\"item\":\"https:\/\/www.lechdrob.pl\/de\/\"},{\"@type\":\"ListItem\",\"position\":2,\"name\":\"Transport und Logistik\"}]},{\"@type\":\"WebSite\",\"@id\":\"https:\/\/www.lechdrob.pl\/de\/#website\",\"url\":\"https:\/\/www.lechdrob.pl\/de\/\",\"name\":\"Zak\u0142ad Drobiarski LECH DR\u00d3B w Zalewie\",\"description\":\"Strona zak\u0142adu drobiarskiego LECH DR\u00d3B w Zalewie.\",\"publisher\":{\"@id\":\"https:\/\/www.lechdrob.pl\/de\/#organization\"},\"potentialAction\":[{\"@type\":\"SearchAction\",\"target\":{\"@type\":\"EntryPoint\",\"urlTemplate\":\"https:\/\/www.lechdrob.pl\/de\/?s={search_term_string}\"},\"query-input\":\"required name=search_term_string\"}],\"inLanguage\":\"pl-PL\"},{\"@type\":\"Organization\",\"@id\":\"https:\/\/www.lechdrob.pl\/de\/#organization\",\"name\":\"Zak\u0142ad Drobiarski LECH DR\u00d3B w Zalewie\",\"url\":\"https:\/\/www.lechdrob.pl\/de\/\",\"logo\":{\"@type\":\"ImageObject\",\"inLanguage\":\"pl-PL\",\"@id\":\"https:\/\/www.lechdrob.pl\/de\/#\/schema\/logo\/image\/\",\"url\":\"\",\"contentUrl\":\"\",\"caption\":\"Zak\u0142ad Drobiarski LECH DR\u00d3B w Zalewie\"},\"image\":{\"@id\":\"https:\/\/www.lechdrob.pl\/de\/#\/schema\/logo\/image\/\"}}]}<\/script>\n<!-- \/ Yoast SEO plugin. -->","yoast_head_json":{"title":"Transport und Logistik - Zak\u0142ad Drobiarski LECH DR\u00d3B w Zalewie","robots":{"index":"index","follow":"follow","max-snippet":"max-snippet:-1","max-image-preview":"max-image-preview:large","max-video-preview":"max-video-preview:-1"},"canonical":"https:\/\/www.lechdrob.pl\/de\/transport\/","og_locale":"pl_PL","og_type":"article","og_title":"Transport und Logistik - Zak\u0142ad Drobiarski LECH DR\u00d3B w Zalewie","og_description":"[vc_row equal_height=&#8221;yes&#8221; content_placement=&#8221;middle&#8221; el_class=&#8221;podstronaMargin&#8221;][vc_column width=&#8221;1\/2&#8243;][vc_column_text] Transport und Logistik [\/vc_column_text][vc_column_text] Der Gefl\u00fcgelbetrieb LECH-DR\u00d3B f\u00fchrt den Geflugeltransport im Rahmen seiner eigenen Transporte durch. Dazu dient ein Fuhrpark, der mit mehr als 100 [...]","og_url":"https:\/\/www.lechdrob.pl\/de\/transport\/","og_site_name":"Zak\u0142ad Drobiarski LECH DR\u00d3B w Zalewie","article_modified_time":"2024-03-19T12:50:01+00:00","twitter_card":"summary_large_image","twitter_misc":{"Szacowany czas czytania":"2 minuty"},"schema":{"@context":"https:\/\/schema.org","@graph":[{"@type":"WebPage","@id":"https:\/\/www.lechdrob.pl\/de\/transport\/","url":"https:\/\/www.lechdrob.pl\/de\/transport\/","name":"Transport und Logistik - Zak\u0142ad Drobiarski LECH DR\u00d3B w Zalewie","isPartOf":{"@id":"https:\/\/www.lechdrob.pl\/de\/#website"},"datePublished":"2022-11-22T08:03:47+00:00","dateModified":"2024-03-19T12:50:01+00:00","breadcrumb":{"@id":"https:\/\/www.lechdrob.pl\/de\/transport\/#breadcrumb"},"inLanguage":"pl-PL","potentialAction":[{"@type":"ReadAction","target":["https:\/\/www.lechdrob.pl\/de\/transport\/"]}]},{"@type":"BreadcrumbList","@id":"https:\/\/www.lechdrob.pl\/de\/transport\/#breadcrumb","itemListElement":[{"@type":"ListItem","position":1,"name":"Strona g\u0142\u00f3wna","item":"https:\/\/www.lechdrob.pl\/de\/"},{"@type":"ListItem","position":2,"name":"Transport und Logistik"}]},{"@type":"WebSite","@id":"https:\/\/www.lechdrob.pl\/de\/#website","url":"https:\/\/www.lechdrob.pl\/de\/","name":"Zak\u0142ad Drobiarski LECH DR\u00d3B w Zalewie","description":"Strona zak\u0142adu drobiarskiego LECH DR\u00d3B w Zalewie.","publisher":{"@id":"https:\/\/www.lechdrob.pl\/de\/#organization"},"potentialAction":[{"@type":"SearchAction","target":{"@type":"EntryPoint","urlTemplate":"https:\/\/www.lechdrob.pl\/de\/?s={search_term_string}"},"query-input":"required name=search_term_string"}],"inLanguage":"pl-PL"},{"@type":"Organization","@id":"https:\/\/www.lechdrob.pl\/de\/#organization","name":"Zak\u0142ad Drobiarski LECH DR\u00d3B w Zalewie","url":"https:\/\/www.lechdrob.pl\/de\/","logo":{"@type":"ImageObject","inLanguage":"pl-PL","@id":"https:\/\/www.lechdrob.pl\/de\/#\/schema\/logo\/image\/","url":"","contentUrl":"","caption":"Zak\u0142ad Drobiarski LECH DR\u00d3B w Zalewie"},"image":{"@id":"https:\/\/www.lechdrob.pl\/de\/#\/schema\/logo\/image\/"}}]}},"_links":{"self":[{"href":"https:\/\/www.lechdrob.pl\/de\/wp-json\/wp\/v2\/pages\/15764"}],"collection":[{"href":"https:\/\/www.lechdrob.pl\/de\/wp-json\/wp\/v2\/pages"}],"about":[{"href":"https:\/\/www.lechdrob.pl\/de\/wp-json\/wp\/v2\/types\/page"}],"author":[{"embeddable":true,"href":"https:\/\/www.lechdrob.pl\/de\/wp-json\/wp\/v2\/users\/1"}],"replies":[{"embeddable":true,"href":"https:\/\/www.lechdrob.pl\/de\/wp-json\/wp\/v2\/comments?post=15764"}],"version-history":[{"count":38,"href":"https:\/\/www.lechdrob.pl\/de\/wp-json\/wp\/v2\/pages\/15764\/revisions"}],"predecessor-version":[{"id":16524,"href":"https:\/\/www.lechdrob.pl\/de\/wp-json\/wp\/v2\/pages\/15764\/revisions\/16524"}],"wp:attachment":[{"href":"https:\/\/www.lechdrob.pl\/de\/wp-json\/wp\/v2\/media?parent=15764"}],"curies":[{"name":"wp","href":"https:\/\/api.w.org\/{rel}","templated":true}]}}